{"id":1460,"date":"2023-09-26T19:15:02","date_gmt":"2023-09-27T00:15:02","guid":{"rendered":"https:\/\/ecuadorconsciente-org-485647.hostingersite.com\/?page_id=1460"},"modified":"2023-09-26T21:29:38","modified_gmt":"2023-09-27T02:29:38","slug":"terms-of-service","status":"publish","type":"page","link":"https:\/\/ecuadorconsciente.org\/en\/terms-of-service\/","title":{"rendered":"Terms of Service"},"content":{"rendered":"<p>Bienvenido a Ecuador Consciente, un espacio dedicado a la promoci\u00f3n de actividades conscientes y sostenibles en Ecuador. Antes de utilizar nuestros servicios de listado, te pedimos que leas detenidamente los siguientes t\u00e9rminos y condiciones. Al utilizar nuestros servicios, aceptas y te comprometes a cumplir con estos t\u00e9rminos. Si no est\u00e1s de acuerdo con estos t\u00e9rminos, por favor, no utilices nuestros servicios de listado.<\/p>\n\n\n\n<p><strong>1. Listing Registration<\/strong><\/p>\n\n\n\n<p>Para publicar un listado en Ecuador Consciente, debes registrarte y proporcionar informaci\u00f3n precisa y actualizada sobre tu actividad. Aseg\u00farate de que los detalles proporcionados sean completos y verdaderos.<\/p>\n\n\n\n<p><strong>2. Listing Content<\/strong><\/p>\n\n\n\n<p>Eres responsable de la precisi\u00f3n y legalidad de la informaci\u00f3n proporcionada en tu listado. No se permite contenido falso, enga\u00f1oso o ilegal. Nos reservamos el derecho de eliminar cualquier listado que consideremos inapropiado.<\/p>\n\n\n\n<p><strong>3. Pol\u00edtica de Privacidad<\/strong><\/p>\n\n\n\n<p>Ecuador Consciente respeta tu privacidad. Consulta nuestra Pol\u00edtica de Privacidad para obtener m\u00e1s informaci\u00f3n sobre c\u00f3mo manejamos tus datos personales.<\/p>\n\n\n\n<p><strong>4. Payments and Fees<\/strong><\/p>\n\n\n\n<p>Algunos servicios de listado pueden estar sujetos a tarifas. Al utilizar estos servicios, aceptas pagar las tarifas aplicables seg\u00fan lo acordado.<\/p>\n\n\n\n<p><strong>5. Responsibility<\/strong><\/p>\n\n\n\n<p>Ecuador Consciente is not responsible for the activities of the listings published on the website. Each listing is the responsibility of its owner.<\/p>\n\n\n\n<p><strong>6. Modifications and Updates<\/strong><\/p>\n\n\n\n<p>Nos reservamos el derecho de modificar estos t\u00e9rminos en cualquier momento. Te recomendamos revisar regularmente esta p\u00e1gina para estar al tanto de las actualizaciones.<\/p>\n\n\n\n<p>Thank you for using Ecuador Consciente listing services. If you have any questions or concerns, please do not hesitate to contact us. We hope you enjoy your experience on our platform.<\/p>","protected":false},"excerpt":{"rendered":"<p>Bienvenido a Ecuador Consciente, un espacio dedicado a la promoci\u00f3n de actividades conscientes y sostenibles en Ecuador. Antes de utilizar nuestros servicios de listado, te pedimos que leas detenidamente los siguientes t\u00e9rminos y condiciones. Al utilizar nuestros servicios, aceptas y te comprometes a cumplir con estos t\u00e9rminos. Si no est\u00e1s de acuerdo con estos t\u00e9rminos, [&hellip;]<\/p>\n","protected":false},"author":1,"featured_media":0,"parent":0,"menu_order":0,"comment_status":"closed","ping_status":"closed","template":"","meta":{"_seopress_robots_primary_cat":"0","_seopress_titles_title":"","_seopress_titles_desc":"","_seopress_robots_index":"","footnotes":""},"class_list":["post-1460","page","type-page","status-publish","hentry"],"_links":{"self":[{"href":"https:\/\/ecuadorconsciente.org\/en\/wp-json\/wp\/v2\/pages\/1460","targetHints":{"allow":["GET"]}}],"collection":[{"href":"https:\/\/ecuadorconsciente.org\/en\/wp-json\/wp\/v2\/pages"}],"about":[{"href":"https:\/\/ecuadorconsciente.org\/en\/wp-json\/wp\/v2\/types\/page"}],"author":[{"embeddable":true,"href":"https:\/\/ecuadorconsciente.org\/en\/wp-json\/wp\/v2\/users\/1"}],"replies":[{"embeddable":true,"href":"https:\/\/ecuadorconsciente.org\/en\/wp-json\/wp\/v2\/comments?post=1460"}],"version-history":[{"count":0,"href":"https:\/\/ecuadorconsciente.org\/en\/wp-json\/wp\/v2\/pages\/1460\/revisions"}],"wp:attachment":[{"href":"https:\/\/ecuadorconsciente.org\/en\/wp-json\/wp\/v2\/media?parent=1460"}],"curies":[{"name":"wp","href":"https:\/\/api.w.org\/{rel}","templated":true}]}}