{"id":4209,"date":"2024-10-09T01:19:27","date_gmt":"2024-10-09T06:19:27","guid":{"rendered":"https:\/\/ecuadorconsciente-org-485647.hostingersite.com\/?page_id=4209"},"modified":"2024-10-09T01:51:20","modified_gmt":"2024-10-09T06:51:20","slug":"hoteles-en-jama","status":"publish","type":"page","link":"https:\/\/ecuadorconsciente.org\/en\/hoteles-en-jama\/","title":{"rendered":"Hoteles en Jama"},"content":{"rendered":"\t\t<div data-elementor-type=\"wp-page\" data-elementor-id=\"4209\" class=\"elementor elementor-4209\" data-elementor-post-type=\"page\">\n\t\t\t\t\t\t<section class=\"elementor-section elementor-top-section elementor-element elementor-element-52a85264 elementor-section-boxed elementor-section-height-default elementor-section-height-default\" data-id=\"52a85264\" data-element_type=\"section\" data-e-type=\"section\">\n\t\t\t\t\t\t<div class=\"elementor-container elementor-column-gap-default\">\n\t\t\t\t\t<div class=\"elementor-column elementor-col-100 elementor-top-column elementor-element elementor-element-48aa864c\" data-id=\"48aa864c\" data-element_type=\"column\" data-e-type=\"column\">\n\t\t\t<div class=\"elementor-widget-wrap elementor-element-populated\">\n\t\t\t\t\t\t<div class=\"elementor-element elementor-element-5d869b80 elementor-widget elementor-widget-text-editor\" data-id=\"5d869b80\" data-element_type=\"widget\" data-e-type=\"widget\" data-widget_type=\"text-editor.default\">\n\t\t\t\t<div class=\"elementor-widget-container\">\n\t\t\t\t\t\t\t\t\t<p>Si lo que buscas es una experiencia aut\u00e9ntica y relajante, los hoteles en Jama, Manab\u00ed, ofrecen el equilibrio perfecto entre confort y el encanto natural de la regi\u00f3n. Ubicados en hermosas playas poco concurridas, estos alojamientos brindan un ambiente ideal para quienes desean disfrutar de la tranquilidad y la belleza costera.<\/p><p>Cada hotel en Jama\u00a0 listado en Ecuador Consciente se caracteriza por su dise\u00f1o acogedor y funcional, pensado para ofrecer una estancia c\u00f3moda y agradable. Desde habitaciones con vistas al mar hasta \u00e1reas comunes que invitan al descanso, estos alojamientos ofrecen una experiencia personalizada que se adapta a todo tipo de viajeros.<\/p><p>Adem\u00e1s de disfrutar de las playas, los visitantes pueden participar en actividades como paseos por los manglares, excursiones a reservas naturales cercanas y visitas a sitios culturales que muestran la riqueza de la regi\u00f3n. La gastronom\u00eda local es otro punto destacado, con opciones que incluyen ingredientes frescos de la zona, perfectos para quienes valoran la comida aut\u00e9ntica y de calidad.<\/p><p>Visitar Jama significa disfrutar de una experiencia de relajaci\u00f3n total, rodeado de paisajes impresionantes y una atm\u00f3sfera que invita a desconectar y apreciar la tranquilidad de la costa ecuatoriana.<\/p>\t\t\t\t\t\t\t\t<\/div>\n\t\t\t\t<\/div>\n\t\t\t\t\t<\/div>\n\t\t<\/div>\n\t\t\t\t\t<\/div>\n\t\t<\/section>\n\t\t\t\t<section class=\"elementor-section elementor-top-section elementor-element elementor-element-d29867a elementor-section-boxed elementor-section-height-default elementor-section-height-default\" data-id=\"d29867a\" data-element_type=\"section\" data-e-type=\"section\">\n\t\t\t\t\t\t<div class=\"elementor-container elementor-column-gap-default\">\n\t\t\t\t\t<div class=\"elementor-column elementor-col-100 elementor-top-column elementor-element elementor-element-a0e25c1\" data-id=\"a0e25c1\" data-element_type=\"column\" data-e-type=\"column\">\n\t\t\t<div class=\"elementor-widget-wrap elementor-element-populated\">\n\t\t\t\t\t\t<div class=\"elementor-element elementor-element-5efb73f elementor-widget elementor-widget-listeo-listings-carousel\" data-id=\"5efb73f\" data-element_type=\"widget\" data-e-type=\"widget\" data-widget_type=\"listeo-listings-carousel.default\">\n\t\t\t\t<div class=\"elementor-widget-container\">\n\t\t\t\t\t        <!-- Carousel \/ Start -->\n        \t<div class=\"simple-slick-carousel dots-nav\" data-slick='{&quot;autoplay&quot;:true,&quot;autoplaySpeed&quot;:3000,&quot;slidesToShow&quot;:3,&quot;slidesToScroll&quot;:1,&quot;responsive&quot;:[{&quot;breakpoint&quot;:1024,&quot;settings&quot;:{&quot;slidesToShow&quot;:2,&quot;slidesToScroll&quot;:1}},{&quot;breakpoint&quot;:768,&quot;settings&quot;:{&quot;slidesToShow&quot;:1,&quot;slidesToScroll&quot;:1}}]}'>\n                            <div class=\"fw-carousel-item\">                    \n                        <!-- Listing Item -->\r\n            <div class=\"col-lg-6 col-md-12\">\r\n                <a href=\"https:\/\/ecuadorconsciente.org\/en\/listing\/hotel-eterna-juventud-vilcabamba-familiar\/\"  class=\"listing-item-container listing-geo-data compact\" \r\n\t\tdata-title=\"Hotel Eterna Juventud &#8211; Vilcabamba\"\r\n\t\tdata-listing-type=\"service\"\r\n\t\tdata-classifieds-price=\"&#36;\"\r\n\t\tdata-friendly-address=\"Calle Bol\u00edvar y Luis Fernando de la Vega (Esquina frente al Parque Central)\"\r\n\t\tdata-address=\"Calle Bol\u00edvar y Luis Fernando de la Vega (Esquina frente al Parque Central)\"\r\n\t\tdata-image=\"https:\/\/ecuadorconsciente.org\/wp-content\/uploads\/2025\/10\/277581818_380888290709216_2437727964809828998_n-520x397.jpg\"\r\n\t\tdata-longitude=\"-79.2222041338232\"\r\n\t\tdata-latitude=\"-4.2610396786637015\"\r\n\t\t\t\t\tdata-rating=\"4.5\"\r\n\t\t\tdata-reviews=\"58\"\r\n\t\t\t\tdata-icon=\"&lt;svg xmlns=&quot;http:\/\/www.w3.org\/2000\/svg&quot; xmlns:xlink=&quot;http:\/\/www.w3.org\/1999\/xlink&quot; enable-background=&quot;new 0 0 512 512&quot; id=&quot;Layer_2&quot; version=&quot;1.1&quot; viewBox=&quot;0 0 512 512&quot; xml:space=&quot;preserve&quot;&gt;&lt;g&gt;&lt;path d=&quot;M210.695,132.965c0,0,34.944-26.392,88.279,0c0,0,68.048,31.91,90.118,116.51c22.07,84.6-64.37,148.97-143.453,137.935 c-79.083-11.035-141.614-113.294-112.187-159.639s91.729-81.288,125.867-72.093c34.138,9.196,94.83,66.048,89.312,114.866 s-53.335,106.612-99.313,75.876s-115.866-77.822-69.887-118.649s65.2-45.612,101.568,0s23.643,74.518-15.973,71.1 c-39.616-3.418-65.364-14.558-48.812-43.932s33.104,0,33.104,0&quot; fill=&quot;none&quot; stroke=&quot;#474747&quot; stroke-linecap=&quot;round&quot; stroke-linejoin=&quot;round&quot; stroke-miterlimit=&quot;10&quot; stroke-width=&quot;15&quot;\/&gt;&lt;polygon fill=&quot;none&quot; points=&quot;223.855,85.56 288.145,85.56 255.045,15.996&quot; stroke=&quot;#474747&quot; stroke-linecap=&quot;round&quot; stroke-linejoin=&quot;round&quot; stroke-miterlimit=&quot;10&quot; stroke-width=&quot;15&quot;\/&gt;&lt;polygon fill=&quot;none&quot; points=&quot;288.145,424.318 223.855,424.318 256.955,493.883&quot; stroke=&quot;#474747&quot; stroke-linecap=&quot;round&quot; stroke-linejoin=&quot;round&quot; stroke-miterlimit=&quot;10&quot; stroke-width=&quot;15&quot;\/&gt;&lt;polygon fill=&quot;none&quot; points=&quot;86.621,287.084 86.621,222.795 17.057,255.894&quot; stroke=&quot;#474747&quot; stroke-linecap=&quot;round&quot; stroke-linejoin=&quot;round&quot; stroke-miterlimit=&quot;10&quot; stroke-width=&quot;15&quot;\/&gt;&lt;polygon fill=&quot;none&quot; points=&quot;425.379,222.795 425.379,287.084 494.943,253.984&quot; stroke=&quot;#474747&quot; stroke-linecap=&quot;round&quot; stroke-linejoin=&quot;round&quot; stroke-miterlimit=&quot;10&quot; stroke-width=&quot;15&quot;\/&gt;&lt;polygon fill=&quot;none&quot; points=&quot;113.501,157.9 158.961,112.441 86.366,86.656&quot; stroke=&quot;#474747&quot; stroke-linecap=&quot;round&quot; stroke-linejoin=&quot;round&quot; stroke-miterlimit=&quot;10&quot; stroke-width=&quot;15&quot;\/&gt;&lt;polygon fill=&quot;none&quot; points=&quot;398.499,351.979 353.039,397.438 425.634,423.222&quot; stroke=&quot;#474747&quot; stroke-linecap=&quot;round&quot; stroke-linejoin=&quot;round&quot; stroke-miterlimit=&quot;10&quot; stroke-width=&quot;15&quot;\/&gt;&lt;polygon fill=&quot;none&quot; points=&quot;158.961,397.438 113.501,351.979 87.717,424.573&quot; stroke=&quot;#474747&quot; stroke-linecap=&quot;round&quot; stroke-linejoin=&quot;round&quot; stroke-miterlimit=&quot;10&quot; stroke-width=&quot;15&quot;\/&gt;&lt;polygon fill=&quot;none&quot; points=&quot;353.039,112.441 398.499,157.9 424.283,85.306&quot; stroke=&quot;#474747&quot; stroke-linecap=&quot;round&quot; stroke-linejoin=&quot;round&quot; stroke-miterlimit=&quot;10&quot; stroke-width=&quot;15&quot;\/&gt;&lt;\/g&gt;&lt;\/svg&gt;\"\r\n\r\n\t>\r\n            <div class=\"listing-item  \">\r\n                <div class=\"listing-small-badges-container\">\r\n                                                                                \r\n                                        \r\n                                        \r\n                <\/div>\r\n                <img decoding=\"async\" src=\"https:\/\/ecuadorconsciente.org\/wp-content\/uploads\/2025\/10\/49343461_328494197996256_3016268434339004416_n-520x397.jpg\" alt=\"Hotel Eterna Juventud &#8211; Vilcabamba\" class=\"listing-thumbnail\">\r\n                                        <div class=\"listing-badge now-open\">Now Open<\/div>\r\n                        \r\n\r\n                <div class=\"listing-item-content\">\r\n                                                <div class=\"numerical-rating\" data-rating=\"4.5\"><\/div>\r\n                    \r\n                    <h3> Hotel Eterna Juventud &#8211; Vilcabamba <i class=\"verified-icon\"><\/i><\/h3>\r\n                    <span>Calle Bol\u00edvar y Luis Fernando de la Vega (Esquina frente al Parque Central)<\/span>\r\n                <\/div>\r\n                                        <span class=\"save like-icon tooltip left\" title=\"Login To Bookmark Items\"><\/span>\r\n                                                <\/div>\r\n        <\/a>\r\n                    <\/div>\r\n        \r\n\r\n        <!-- Listing Item \/ End -->\n                    <\/div>\n                                      <div class=\"fw-carousel-item\">                    \n                        <!-- Listing Item -->\r\n            <div class=\"col-lg-6 col-md-12\">\r\n                <a href=\"https:\/\/ecuadorconsciente.org\/en\/listing\/samvara-lodge-hospedaje-en-jama\/\"  class=\"listing-item-container listing-geo-data compact\" \r\n\t\tdata-title=\"Samvara Lodge. Hospedaje en Jama\"\r\n\t\tdata-listing-type=\"rental\"\r\n\t\tdata-classifieds-price=\"&#36;\"\r\n\t\tdata-friendly-address=\"Ruta del Spondylus. Km 71.2 . Playa Bellavista. Cant\u00f3n Jama - Manab\u00ed\"\r\n\t\tdata-address=\"Ruta del Spondylus. Km 71.2 . Playa Bellavista. Cant\u00f3n Jama - Manab\u00ed\"\r\n\t\tdata-image=\"https:\/\/ecuadorconsciente.org\/wp-content\/uploads\/2024\/07\/dc1eb463-c089-499e-97e9-d20674613d05-520x397.jpeg\"\r\n\t\tdata-longitude=\"-80.22348226725124\"\r\n\t\tdata-latitude=\"-0.1358406564451181\"\r\n\t\t\t\t\tdata-rating=\"4.5\"\r\n\t\t\tdata-reviews=\"89\"\r\n\t\t\t\tdata-icon=\"&lt;svg xmlns=&quot;http:\/\/www.w3.org\/2000\/svg&quot; xmlns:xlink=&quot;http:\/\/www.w3.org\/1999\/xlink&quot; enable-background=&quot;new 0 0 512 512&quot; id=&quot;Layer_2&quot; version=&quot;1.1&quot; viewBox=&quot;0 0 512 512&quot; xml:space=&quot;preserve&quot;&gt;&lt;g&gt;&lt;path d=&quot;M210.695,132.965c0,0,34.944-26.392,88.279,0c0,0,68.048,31.91,90.118,116.51c22.07,84.6-64.37,148.97-143.453,137.935 c-79.083-11.035-141.614-113.294-112.187-159.639s91.729-81.288,125.867-72.093c34.138,9.196,94.83,66.048,89.312,114.866 s-53.335,106.612-99.313,75.876s-115.866-77.822-69.887-118.649s65.2-45.612,101.568,0s23.643,74.518-15.973,71.1 c-39.616-3.418-65.364-14.558-48.812-43.932s33.104,0,33.104,0&quot; fill=&quot;none&quot; stroke=&quot;#474747&quot; stroke-linecap=&quot;round&quot; stroke-linejoin=&quot;round&quot; stroke-miterlimit=&quot;10&quot; stroke-width=&quot;15&quot;\/&gt;&lt;polygon fill=&quot;none&quot; points=&quot;223.855,85.56 288.145,85.56 255.045,15.996&quot; stroke=&quot;#474747&quot; stroke-linecap=&quot;round&quot; stroke-linejoin=&quot;round&quot; stroke-miterlimit=&quot;10&quot; stroke-width=&quot;15&quot;\/&gt;&lt;polygon fill=&quot;none&quot; points=&quot;288.145,424.318 223.855,424.318 256.955,493.883&quot; stroke=&quot;#474747&quot; stroke-linecap=&quot;round&quot; stroke-linejoin=&quot;round&quot; stroke-miterlimit=&quot;10&quot; stroke-width=&quot;15&quot;\/&gt;&lt;polygon fill=&quot;none&quot; points=&quot;86.621,287.084 86.621,222.795 17.057,255.894&quot; stroke=&quot;#474747&quot; stroke-linecap=&quot;round&quot; stroke-linejoin=&quot;round&quot; stroke-miterlimit=&quot;10&quot; stroke-width=&quot;15&quot;\/&gt;&lt;polygon fill=&quot;none&quot; points=&quot;425.379,222.795 425.379,287.084 494.943,253.984&quot; stroke=&quot;#474747&quot; stroke-linecap=&quot;round&quot; stroke-linejoin=&quot;round&quot; stroke-miterlimit=&quot;10&quot; stroke-width=&quot;15&quot;\/&gt;&lt;polygon fill=&quot;none&quot; points=&quot;113.501,157.9 158.961,112.441 86.366,86.656&quot; stroke=&quot;#474747&quot; stroke-linecap=&quot;round&quot; stroke-linejoin=&quot;round&quot; stroke-miterlimit=&quot;10&quot; stroke-width=&quot;15&quot;\/&gt;&lt;polygon fill=&quot;none&quot; points=&quot;398.499,351.979 353.039,397.438 425.634,423.222&quot; stroke=&quot;#474747&quot; stroke-linecap=&quot;round&quot; stroke-linejoin=&quot;round&quot; stroke-miterlimit=&quot;10&quot; stroke-width=&quot;15&quot;\/&gt;&lt;polygon fill=&quot;none&quot; points=&quot;158.961,397.438 113.501,351.979 87.717,424.573&quot; stroke=&quot;#474747&quot; stroke-linecap=&quot;round&quot; stroke-linejoin=&quot;round&quot; stroke-miterlimit=&quot;10&quot; stroke-width=&quot;15&quot;\/&gt;&lt;polygon fill=&quot;none&quot; points=&quot;353.039,112.441 398.499,157.9 424.283,85.306&quot; stroke=&quot;#474747&quot; stroke-linecap=&quot;round&quot; stroke-linejoin=&quot;round&quot; stroke-miterlimit=&quot;10&quot; stroke-width=&quot;15&quot;\/&gt;&lt;\/g&gt;&lt;\/svg&gt;\"\r\n\r\n\t>\r\n            <div class=\"listing-item  \">\r\n                <div class=\"listing-small-badges-container\">\r\n                                                                                \r\n                                        \r\n                                        \r\n                <\/div>\r\n                <img decoding=\"async\" src=\"https:\/\/ecuadorconsciente.org\/wp-content\/uploads\/2024\/07\/e4a55ff1-8877-46b3-9127-605d3a03d109-520x397.jpeg\" alt=\"Samvara Lodge. Hospedaje en Jama\" class=\"listing-thumbnail\">\r\n                                            <div class=\"listing-badge now-closed\">Now Closed<\/div>\r\n                                        \r\n\r\n                <div class=\"listing-item-content\">\r\n                                                <div class=\"numerical-rating\" data-rating=\"4.5\"><\/div>\r\n                    \r\n                    <h3> Samvara Lodge. Hospedaje en Jama <i class=\"verified-icon\"><\/i><\/h3>\r\n                    <span>Ruta del Spondylus. Km 71.2 . Playa Bellavista. Cant\u00f3n Jama - Manab\u00ed<\/span>\r\n                <\/div>\r\n                                        <span class=\"save like-icon tooltip left\" title=\"Login To Bookmark Items\"><\/span>\r\n                                                <\/div>\r\n        <\/a>\r\n                    <\/div>\r\n        \r\n\r\n        <!-- Listing Item \/ End -->\n                    <\/div>\n                          <\/div>\n        \t\t\t\t<\/div>\n\t\t\t\t<\/div>\n\t\t\t\t\t<\/div>\n\t\t<\/div>\n\t\t\t\t\t<\/div>\n\t\t<\/section>\n\t\t\t\t<\/div>\n\t\t","protected":false},"excerpt":{"rendered":"<p>Si lo que buscas es una experiencia aut\u00e9ntica y relajante, los hoteles en Jama, Manab\u00ed, ofrecen el equilibrio perfecto entre confort y el encanto natural de la regi\u00f3n. Ubicados en hermosas playas poco concurridas, estos alojamientos brindan un ambiente ideal para quienes desean disfrutar de la tranquilidad y la belleza costera. Cada hotel en Jama\u00a0 [&hellip;]<\/p>\n","protected":false},"author":1,"featured_media":0,"parent":0,"menu_order":0,"comment_status":"closed","ping_status":"closed","template":"","meta":{"_seopress_robots_primary_cat":"","_seopress_titles_title":"Hoteles en Jama, Manab\u00ed. Ecuador Consciente","_seopress_titles_desc":"Descubre los mejores hoteles en Jama, Manab\u00ed, y disfruta de una experiencia aut\u00e9ntica en un entorno natural impresionante.","_seopress_robots_index":"","footnotes":""},"class_list":["post-4209","page","type-page","status-publish","hentry"],"_links":{"self":[{"href":"https:\/\/ecuadorconsciente.org\/en\/wp-json\/wp\/v2\/pages\/4209","targetHints":{"allow":["GET"]}}],"collection":[{"href":"https:\/\/ecuadorconsciente.org\/en\/wp-json\/wp\/v2\/pages"}],"about":[{"href":"https:\/\/ecuadorconsciente.org\/en\/wp-json\/wp\/v2\/types\/page"}],"author":[{"embeddable":true,"href":"https:\/\/ecuadorconsciente.org\/en\/wp-json\/wp\/v2\/users\/1"}],"replies":[{"embeddable":true,"href":"https:\/\/ecuadorconsciente.org\/en\/wp-json\/wp\/v2\/comments?post=4209"}],"version-history":[{"count":18,"href":"https:\/\/ecuadorconsciente.org\/en\/wp-json\/wp\/v2\/pages\/4209\/revisions"}],"predecessor-version":[{"id":4231,"href":"https:\/\/ecuadorconsciente.org\/en\/wp-json\/wp\/v2\/pages\/4209\/revisions\/4231"}],"wp:attachment":[{"href":"https:\/\/ecuadorconsciente.org\/en\/wp-json\/wp\/v2\/media?parent=4209"}],"curies":[{"name":"wp","href":"https:\/\/api.w.org\/{rel}","templated":true}]}}