{"id":5078,"date":"2026-01-12T17:39:12","date_gmt":"2026-01-12T22:39:12","guid":{"rendered":"https:\/\/ecuadorconsciente.org\/?page_id=5078"},"modified":"2026-01-12T19:03:34","modified_gmt":"2026-01-13T00:03:34","slug":"hoteles-en-vilcabamba-loja-ecuador","status":"publish","type":"page","link":"https:\/\/ecuadorconsciente.org\/en\/hoteles-en-vilcabamba-loja-ecuador\/","title":{"rendered":"Hotels in Vilcabamba, Ecuador"},"content":{"rendered":"\t\t<div data-elementor-type=\"wp-page\" data-elementor-id=\"5078\" class=\"elementor elementor-5078\" data-elementor-post-type=\"page\">\n\t\t\t\t\t\t<section class=\"elementor-section elementor-top-section elementor-element elementor-element-103a7ab elementor-section-boxed elementor-section-height-default elementor-section-height-default\" data-id=\"103a7ab\" data-element_type=\"section\" data-e-type=\"section\">\n\t\t\t\t\t\t<div class=\"elementor-container elementor-column-gap-default\">\n\t\t\t\t\t<div class=\"elementor-column elementor-col-100 elementor-top-column elementor-element elementor-element-64a598f\" data-id=\"64a598f\" data-element_type=\"column\" data-e-type=\"column\">\n\t\t\t<div class=\"elementor-widget-wrap elementor-element-populated\">\n\t\t\t\t\t\t<section class=\"elementor-section elementor-inner-section elementor-element elementor-element-0fdeab0 elementor-section-boxed elementor-section-height-default elementor-section-height-default\" data-id=\"0fdeab0\" data-element_type=\"section\" data-e-type=\"section\">\n\t\t\t\t\t\t<div class=\"elementor-container elementor-column-gap-default\">\n\t\t\t\t\t<div class=\"elementor-column elementor-col-50 elementor-inner-column elementor-element elementor-element-5423d6d\" data-id=\"5423d6d\" data-element_type=\"column\" data-e-type=\"column\">\n\t\t\t<div class=\"elementor-widget-wrap elementor-element-populated\">\n\t\t\t\t\t\t<div class=\"elementor-element elementor-element-abf2b85 elementor-widget elementor-widget-image\" data-id=\"abf2b85\" data-element_type=\"widget\" data-e-type=\"widget\" data-widget_type=\"image.default\">\n\t\t\t\t<div class=\"elementor-widget-container\">\n\t\t\t\t\t\t\t\t\t\t\t\t\t\t\t<img fetchpriority=\"high\" decoding=\"async\" width=\"760\" height=\"443\" src=\"https:\/\/ecuadorconsciente.org\/wp-content\/uploads\/2026\/01\/1120x700.jpg\" class=\"attachment-large size-large wp-image-5081\" alt=\"Maravilloso atardecer desde uno de los hoteles en Vilcabamba, Ecuador\" srcset=\"https:\/\/ecuadorconsciente.org\/wp-content\/uploads\/2026\/01\/1120x700.jpg 873w, https:\/\/ecuadorconsciente.org\/wp-content\/uploads\/2026\/01\/1120x700-300x175.jpg 300w, https:\/\/ecuadorconsciente.org\/wp-content\/uploads\/2026\/01\/1120x700-768x448.jpg 768w, https:\/\/ecuadorconsciente.org\/wp-content\/uploads\/2026\/01\/1120x700-18x10.jpg 18w, https:\/\/ecuadorconsciente.org\/wp-content\/uploads\/2026\/01\/1120x700-590x344.jpg 590w, https:\/\/ecuadorconsciente.org\/wp-content\/uploads\/2026\/01\/1120x700-577x336.jpg 577w, https:\/\/ecuadorconsciente.org\/wp-content\/uploads\/2026\/01\/1120x700-600x350.jpg 600w\" sizes=\"(max-width: 760px) 100vw, 760px\" \/>\t\t\t\t\t\t\t\t\t\t\t\t\t\t\t<\/div>\n\t\t\t\t<\/div>\n\t\t\t\t\t<\/div>\n\t\t<\/div>\n\t\t\t\t<div class=\"elementor-column elementor-col-50 elementor-inner-column elementor-element elementor-element-3b4c701\" data-id=\"3b4c701\" data-element_type=\"column\" data-e-type=\"column\">\n\t\t\t<div class=\"elementor-widget-wrap elementor-element-populated\">\n\t\t\t\t\t\t<div class=\"elementor-element elementor-element-1e2b5ee elementor-widget elementor-widget-text-editor\" data-id=\"1e2b5ee\" data-element_type=\"widget\" data-e-type=\"widget\" data-widget_type=\"text-editor.default\">\n\t\t\t\t<div class=\"elementor-widget-container\">\n\t\t\t\t\t\t\t\t\t<h2 style=\"text-align: center;\" data-path-to-node=\"3\">Vilcabamba: Tradici\u00f3n, bienestar y naturaleza en el Valle de la Longevidad<\/h2><p style=\"text-align: center;\" data-path-to-node=\"4\">Para quienes buscan una experiencia genuina, los hoteles en Vilcabamba representan el equilibrio perfecto entre la hospitalidad de alta calidad y el respeto por la identidad del valle. Estos hoteles son refugios dise\u00f1ados para conectar al visitante con la esencia misma de este rinc\u00f3n privilegiado de los Andes de Ecuador.<\/p>\t\t\t\t\t\t\t\t<\/div>\n\t\t\t\t<\/div>\n\t\t\t\t\t<\/div>\n\t\t<\/div>\n\t\t\t\t\t<\/div>\n\t\t<\/section>\n\t\t\t\t\t<\/div>\n\t\t<\/div>\n\t\t\t\t\t<\/div>\n\t\t<\/section>\n\t\t\t\t<section class=\"elementor-section elementor-top-section elementor-element elementor-element-11e012c elementor-section-boxed elementor-section-height-default elementor-section-height-default\" data-id=\"11e012c\" data-element_type=\"section\" data-e-type=\"section\">\n\t\t\t\t\t\t<div class=\"elementor-container elementor-column-gap-default\">\n\t\t\t\t\t<div class=\"elementor-column elementor-col-100 elementor-top-column elementor-element elementor-element-9298ae5\" data-id=\"9298ae5\" data-element_type=\"column\" data-e-type=\"column\">\n\t\t\t<div class=\"elementor-widget-wrap elementor-element-populated\">\n\t\t\t\t\t\t<div class=\"elementor-element elementor-element-b983f9b elementor-widget elementor-widget-text-editor\" data-id=\"b983f9b\" data-element_type=\"widget\" data-e-type=\"widget\" data-widget_type=\"text-editor.default\">\n\t\t\t\t<div class=\"elementor-widget-container\">\n\t\t\t\t\t\t\t\t\t<h3 data-path-to-node=\"5\">Arquitectura que respeta la historia<\/h3><p data-path-to-node=\"6\">Estos hoteles apuestan por respetar la arquitectura tradicional lojana. Sus edificaciones se integran armoniosamente al paisaje mediante el uso de:<\/p><ul data-path-to-node=\"7\"><li><p data-path-to-node=\"7,0,0\">Materiales nobles: Adobe, madera, piedra y teja que permiten que la construcci\u00f3n \u00abrespire\u00bb y mantenga un clima interior ideal.<\/p><\/li><li><p data-path-to-node=\"7,1,0\">Dise\u00f1o cl\u00e1sico: Patios interiores, portales y jardines que evocan la paz de las antiguas haciendas del valle, preservando el patrimonio visual de la regi\u00f3n.<\/p><\/li><\/ul><h3 data-path-to-node=\"8\">El alma del servicio: el talento local<\/h3><p data-path-to-node=\"9\">La excelencia en la atenci\u00f3n viene de la mano de la propia comunidad. Al elegir estos hoteles, te aseguras una experiencia enriquecida por el personal local, quienes son los mejores anfitriones de su tierra.<\/p><ul data-path-to-node=\"10\"><li><p data-path-to-node=\"10,0,0\">Empleo local: Tu estancia contribuye directamente al bienestar econ\u00f3mico de las familias de Vilcabamba.<\/p><\/li><li><p data-path-to-node=\"10,1,0\">Conocimiento aut\u00e9ntico: Recibir\u00e1s recomendaciones de primera mano sobre rutas, secretos de longevidad y la cultura del valle, ofrecidas con la calidez natural de su gente.<\/p><\/li><\/ul><h3 data-path-to-node=\"11\">Alimentos locales y sanos<\/h3><p data-path-to-node=\"12\">El compromiso con el bienestar se refleja en una gastronom\u00eda vital. Los hoteles en Vilcabamba priorizan una cadena de suministros consciente:<\/p><ul data-path-to-node=\"13\"><li><p data-path-to-node=\"13,0,0\">Preferencia Org\u00e1nica: Se seleccionan ingredientes cultivados con m\u00e9todos naturales, con una clara preferencia por alimentos libres de agroqu\u00edmicos para garantizar platos limpios y altamente nutritivos.<\/p><\/li><li><p data-path-to-node=\"13,1,0\">Productos de la zona: La cocina se abastece de las ferias locales y peque\u00f1os productores, ofreciendo lo mejor del caf\u00e9 de Vilcabamba, frutas frescas y granos andinos reci\u00e9n cosechados.<\/p><\/li><\/ul><hr data-path-to-node=\"14\" \/><blockquote data-path-to-node=\"15\"><p data-path-to-node=\"15,0\">Hospedarse en Vilcabamba es una invitaci\u00f3n a vivir con pausa, disfrutando de un entorno que valora tanto la comodidad del viajero como la integridad de su cultura y su tierra.<\/p><\/blockquote>\t\t\t\t\t\t\t\t<\/div>\n\t\t\t\t<\/div>\n\t\t\t\t\t<\/div>\n\t\t<\/div>\n\t\t\t\t\t<\/div>\n\t\t<\/section>\n\t\t\t\t<section class=\"elementor-section elementor-top-section elementor-element elementor-element-44f7e93 elementor-section-boxed elementor-section-height-default elementor-section-height-default\" data-id=\"44f7e93\" data-element_type=\"section\" data-e-type=\"section\">\n\t\t\t\t\t\t<div class=\"elementor-container elementor-column-gap-default\">\n\t\t\t\t\t<div class=\"elementor-column elementor-col-100 elementor-top-column elementor-element elementor-element-5aad102\" data-id=\"5aad102\" data-element_type=\"column\" data-e-type=\"column\">\n\t\t\t<div class=\"elementor-widget-wrap elementor-element-populated\">\n\t\t\t\t\t\t<div class=\"elementor-element elementor-element-506af24 elementor-widget elementor-widget-listeo-listings-carousel\" data-id=\"506af24\" data-element_type=\"widget\" data-e-type=\"widget\" data-widget_type=\"listeo-listings-carousel.default\">\n\t\t\t\t<div class=\"elementor-widget-container\">\n\t\t\t\t\t        <!-- Carousel \/ Start -->\n        \t<div class=\"simple-slick-carousel dots-nav\" data-slick='{&quot;autoplay&quot;:true,&quot;autoplaySpeed&quot;:3000,&quot;slidesToShow&quot;:3,&quot;slidesToScroll&quot;:1,&quot;responsive&quot;:[{&quot;breakpoint&quot;:1024,&quot;settings&quot;:{&quot;slidesToShow&quot;:2,&quot;slidesToScroll&quot;:1}},{&quot;breakpoint&quot;:768,&quot;settings&quot;:{&quot;slidesToShow&quot;:1,&quot;slidesToScroll&quot;:1}}]}'>\n                            <div class=\"fw-carousel-item\">                    \n                        <!-- Listing Item -->\r\n            <div class=\"col-lg-6 col-md-12\">\r\n                <a href=\"https:\/\/ecuadorconsciente.org\/en\/listing\/hotel-eterna-juventud-vilcabamba-familiar\/\"  class=\"listing-item-container listing-geo-data compact\" \r\n\t\tdata-title=\"Hotel Eterna Juventud &#8211; Vilcabamba\"\r\n\t\tdata-listing-type=\"service\"\r\n\t\tdata-classifieds-price=\"&#36;\"\r\n\t\tdata-friendly-address=\"Calle Bol\u00edvar y Luis Fernando de la Vega (Esquina frente al Parque Central)\"\r\n\t\tdata-address=\"Calle Bol\u00edvar y Luis Fernando de la Vega (Esquina frente al Parque Central)\"\r\n\t\tdata-image=\"https:\/\/ecuadorconsciente.org\/wp-content\/uploads\/2025\/10\/277581818_380888290709216_2437727964809828998_n-520x397.jpg\"\r\n\t\tdata-longitude=\"-79.2222041338232\"\r\n\t\tdata-latitude=\"-4.2610396786637015\"\r\n\t\t\t\t\tdata-rating=\"4.5\"\r\n\t\t\tdata-reviews=\"59\"\r\n\t\t\t\tdata-icon=\"&lt;svg xmlns=&quot;http:\/\/www.w3.org\/2000\/svg&quot; xmlns:xlink=&quot;http:\/\/www.w3.org\/1999\/xlink&quot; enable-background=&quot;new 0 0 512 512&quot; id=&quot;Layer_2&quot; version=&quot;1.1&quot; viewBox=&quot;0 0 512 512&quot; xml:space=&quot;preserve&quot;&gt;&lt;g&gt;&lt;path d=&quot;M210.695,132.965c0,0,34.944-26.392,88.279,0c0,0,68.048,31.91,90.118,116.51c22.07,84.6-64.37,148.97-143.453,137.935 c-79.083-11.035-141.614-113.294-112.187-159.639s91.729-81.288,125.867-72.093c34.138,9.196,94.83,66.048,89.312,114.866 s-53.335,106.612-99.313,75.876s-115.866-77.822-69.887-118.649s65.2-45.612,101.568,0s23.643,74.518-15.973,71.1 c-39.616-3.418-65.364-14.558-48.812-43.932s33.104,0,33.104,0&quot; fill=&quot;none&quot; stroke=&quot;#474747&quot; stroke-linecap=&quot;round&quot; stroke-linejoin=&quot;round&quot; stroke-miterlimit=&quot;10&quot; stroke-width=&quot;15&quot;\/&gt;&lt;polygon fill=&quot;none&quot; points=&quot;223.855,85.56 288.145,85.56 255.045,15.996&quot; stroke=&quot;#474747&quot; stroke-linecap=&quot;round&quot; stroke-linejoin=&quot;round&quot; stroke-miterlimit=&quot;10&quot; stroke-width=&quot;15&quot;\/&gt;&lt;polygon fill=&quot;none&quot; points=&quot;288.145,424.318 223.855,424.318 256.955,493.883&quot; stroke=&quot;#474747&quot; stroke-linecap=&quot;round&quot; stroke-linejoin=&quot;round&quot; stroke-miterlimit=&quot;10&quot; stroke-width=&quot;15&quot;\/&gt;&lt;polygon fill=&quot;none&quot; points=&quot;86.621,287.084 86.621,222.795 17.057,255.894&quot; stroke=&quot;#474747&quot; stroke-linecap=&quot;round&quot; stroke-linejoin=&quot;round&quot; stroke-miterlimit=&quot;10&quot; stroke-width=&quot;15&quot;\/&gt;&lt;polygon fill=&quot;none&quot; points=&quot;425.379,222.795 425.379,287.084 494.943,253.984&quot; stroke=&quot;#474747&quot; stroke-linecap=&quot;round&quot; stroke-linejoin=&quot;round&quot; stroke-miterlimit=&quot;10&quot; stroke-width=&quot;15&quot;\/&gt;&lt;polygon fill=&quot;none&quot; points=&quot;113.501,157.9 158.961,112.441 86.366,86.656&quot; stroke=&quot;#474747&quot; stroke-linecap=&quot;round&quot; stroke-linejoin=&quot;round&quot; stroke-miterlimit=&quot;10&quot; stroke-width=&quot;15&quot;\/&gt;&lt;polygon fill=&quot;none&quot; points=&quot;398.499,351.979 353.039,397.438 425.634,423.222&quot; stroke=&quot;#474747&quot; stroke-linecap=&quot;round&quot; stroke-linejoin=&quot;round&quot; stroke-miterlimit=&quot;10&quot; stroke-width=&quot;15&quot;\/&gt;&lt;polygon fill=&quot;none&quot; points=&quot;158.961,397.438 113.501,351.979 87.717,424.573&quot; stroke=&quot;#474747&quot; stroke-linecap=&quot;round&quot; stroke-linejoin=&quot;round&quot; stroke-miterlimit=&quot;10&quot; stroke-width=&quot;15&quot;\/&gt;&lt;polygon fill=&quot;none&quot; points=&quot;353.039,112.441 398.499,157.9 424.283,85.306&quot; stroke=&quot;#474747&quot; stroke-linecap=&quot;round&quot; stroke-linejoin=&quot;round&quot; stroke-miterlimit=&quot;10&quot; stroke-width=&quot;15&quot;\/&gt;&lt;\/g&gt;&lt;\/svg&gt;\"\r\n\r\n\t>\r\n            <div class=\"listing-item  \">\r\n                <div class=\"listing-small-badges-container\">\r\n                                                                                \r\n                                        \r\n                                        \r\n                <\/div>\r\n                <img decoding=\"async\" src=\"https:\/\/ecuadorconsciente.org\/wp-content\/uploads\/2025\/10\/49343461_328494197996256_3016268434339004416_n-520x397.jpg\" alt=\"Hotel Eterna Juventud &#8211; Vilcabamba\" class=\"listing-thumbnail\">\r\n                                        <div class=\"listing-badge now-open\">Now Open<\/div>\r\n                        \r\n\r\n                <div class=\"listing-item-content\">\r\n                                                <div class=\"numerical-rating\" data-rating=\"4.5\"><\/div>\r\n                    \r\n                    <h3> Hotel Eterna Juventud &#8211; Vilcabamba <i class=\"verified-icon\"><\/i><\/h3>\r\n                    <span>Calle Bol\u00edvar y Luis Fernando de la Vega (Esquina frente al Parque Central)<\/span>\r\n                <\/div>\r\n                                        <span class=\"save like-icon tooltip left\" title=\"Login To Bookmark Items\"><\/span>\r\n                                                <\/div>\r\n        <\/a>\r\n                    <\/div>\r\n        \r\n\r\n        <!-- Listing Item \/ End -->\n                    <\/div>\n                          <\/div>\n        \t\t\t\t<\/div>\n\t\t\t\t<\/div>\n\t\t\t\t\t<\/div>\n\t\t<\/div>\n\t\t\t\t\t<\/div>\n\t\t<\/section>\n\t\t\t\t<\/div>\n\t\t","protected":false},"excerpt":{"rendered":"<p>Vilcabamba: Tradici\u00f3n, bienestar y naturaleza en el Valle de la Longevidad Para quienes buscan una experiencia genuina, los hoteles en Vilcabamba representan el equilibrio perfecto entre la hospitalidad de alta calidad y el respeto por la identidad del valle. Estos hoteles son refugios dise\u00f1ados para conectar al visitante con la esencia misma de este rinc\u00f3n [&hellip;]<\/p>\n","protected":false},"author":1,"featured_media":5081,"parent":0,"menu_order":0,"comment_status":"closed","ping_status":"closed","template":"","meta":{"_seopress_robots_primary_cat":"","_seopress_titles_title":"%%post_title%%","_seopress_titles_desc":"Estos hoteles en Vilcabamba, son refugios dise\u00f1ados para conectar al visitante con la esencia misma de este rinc\u00f3n privilegiado de los Andes de Ecuador.","_seopress_robots_index":"","footnotes":""},"class_list":["post-5078","page","type-page","status-publish","has-post-thumbnail","hentry"],"_links":{"self":[{"href":"https:\/\/ecuadorconsciente.org\/en\/wp-json\/wp\/v2\/pages\/5078","targetHints":{"allow":["GET"]}}],"collection":[{"href":"https:\/\/ecuadorconsciente.org\/en\/wp-json\/wp\/v2\/pages"}],"about":[{"href":"https:\/\/ecuadorconsciente.org\/en\/wp-json\/wp\/v2\/types\/page"}],"author":[{"embeddable":true,"href":"https:\/\/ecuadorconsciente.org\/en\/wp-json\/wp\/v2\/users\/1"}],"replies":[{"embeddable":true,"href":"https:\/\/ecuadorconsciente.org\/en\/wp-json\/wp\/v2\/comments?post=5078"}],"version-history":[{"count":4,"href":"https:\/\/ecuadorconsciente.org\/en\/wp-json\/wp\/v2\/pages\/5078\/revisions"}],"predecessor-version":[{"id":5091,"href":"https:\/\/ecuadorconsciente.org\/en\/wp-json\/wp\/v2\/pages\/5078\/revisions\/5091"}],"wp:featuredmedia":[{"embeddable":true,"href":"https:\/\/ecuadorconsciente.org\/en\/wp-json\/wp\/v2\/media\/5081"}],"wp:attachment":[{"href":"https:\/\/ecuadorconsciente.org\/en\/wp-json\/wp\/v2\/media?parent=5078"}],"curies":[{"name":"wp","href":"https:\/\/api.w.org\/{rel}","templated":true}]}}