{"id":5186,"date":"2026-04-19T14:46:14","date_gmt":"2026-04-19T19:46:14","guid":{"rendered":"https:\/\/ecuadorconsciente.org\/?page_id=5186"},"modified":"2026-04-21T09:01:52","modified_gmt":"2026-04-21T14:01:52","slug":"operadores-de-turismo-comunitario-en-la-amazonia-de-ecuador","status":"publish","type":"page","link":"https:\/\/ecuadorconsciente.org\/en\/operadores-de-turismo-comunitario-en-la-amazonia-de-ecuador\/","title":{"rendered":"Operadores de Turismo Comunitario en la amazon\u00eda de Ecuador"},"content":{"rendered":"<div data-elementor-type=\"wp-page\" data-elementor-id=\"5186\" class=\"elementor elementor-5186\" data-elementor-post-type=\"page\">\n\t\t\t\t\t\t<section class=\"elementor-section elementor-top-section elementor-element elementor-element-a29f41c elementor-section-boxed elementor-section-height-default elementor-section-height-default\" data-id=\"a29f41c\" data-element_type=\"section\" data-e-type=\"section\">\n\t\t\t\t\t\t<div class=\"elementor-container elementor-column-gap-default\">\n\t\t\t\t\t<div class=\"elementor-column elementor-col-16 elementor-top-column elementor-element elementor-element-1481bd3\" data-id=\"1481bd3\" data-element_type=\"column\" data-e-type=\"column\">\n\t\t\t<div class=\"elementor-widget-wrap\">\n\t\t\t\t\t\t\t<\/div>\n\t\t<\/div>\n\t\t\t\t<div class=\"elementor-column elementor-col-66 elementor-top-column elementor-element elementor-element-b3c46d3\" data-id=\"b3c46d3\" data-element_type=\"column\" data-e-type=\"column\">\n\t\t\t<div class=\"elementor-widget-wrap elementor-element-populated\">\n\t\t\t\t\t\t<div class=\"elementor-element elementor-element-967e9b6 elementor-widget elementor-widget-text-editor\" data-id=\"967e9b6\" data-element_type=\"widget\" data-e-type=\"widget\" data-widget_type=\"text-editor.default\">\n\t\t\t\t<div class=\"elementor-widget-container\">\n\t\t\t\t\t\t\t\t\t<p style=\"text-align: center;\" data-path-to-node=\"4\">Esta secci\u00f3n de <b data-path-to-node=\"4\" data-index-in-node=\"16\">Conscious Ecuador<\/b> funciona como un nodo de conexi\u00f3n directa entre el viajero responsable y los leg\u00edtimos guardianes del ecosistema amaz\u00f3nico. Es una herramienta de visibilizaci\u00f3n para emprendimientos que nacen del territorio, bajo modelos de <b data-path-to-node=\"4\" data-index-in-node=\"288\">autogesti\u00f3n y defensa cultural<\/b>.<\/p><h3 style=\"text-align: center;\" data-path-to-node=\"5\">El Valor de la Gesti\u00f3n Local<\/h3><p style=\"text-align: center;\" data-path-to-node=\"6\">El turismo comunitario en la Amazon\u00eda ecuatoriana representa la alternativa econ\u00f3mica m\u00e1s s\u00f3lida frente a los modelos extractivos. Al elegir estos operadores, la inversi\u00f3n impacta directamente en la soberan\u00eda alimentaria, la educaci\u00f3n y la preservaci\u00f3n de los saberes ancestrales y tradicionales de las nacionalidades Kichwa, Shuar, Achuar, Waorani, Sapara y Shiwiar, Cof\u00e1n, Siona y Siekopai.<\/p><h3 style=\"text-align: center;\" data-path-to-node=\"7\">Criterios de Selecci\u00f3n<\/h3><p style=\"text-align: center;\" data-path-to-node=\"8\">Cada operador listado aqu\u00ed ha sido validado bajo una visi\u00f3n de <b data-path-to-node=\"8\" data-index-in-node=\"63\">biocultura y sostenibilidad real<\/b>. Priorizamos proyectos que:<\/p>\t\t\t\t\t\t\t\t<\/div>\n\t\t\t\t<\/div>\n\t\t\t\t\t<\/div>\n\t\t<\/div>\n\t\t\t\t<div class=\"elementor-column elementor-col-16 elementor-top-column elementor-element elementor-element-a434ef8\" data-id=\"a434ef8\" data-element_type=\"column\" data-e-type=\"column\">\n\t\t\t<div class=\"elementor-widget-wrap\">\n\t\t\t\t\t\t\t<\/div>\n\t\t<\/div>\n\t\t\t\t\t<\/div>\n\t\t<\/section>\n\t\t\t\t<section class=\"elementor-section elementor-top-section elementor-element elementor-element-b44121f elementor-section-boxed elementor-section-height-default elementor-section-height-default\" data-id=\"b44121f\" data-element_type=\"section\" data-e-type=\"section\">\n\t\t\t\t\t\t<div class=\"elementor-container elementor-column-gap-default\">\n\t\t\t\t\t<div class=\"elementor-column elementor-col-100 elementor-top-column elementor-element elementor-element-e579025\" data-id=\"e579025\" data-element_type=\"column\" data-e-type=\"column\">\n\t\t\t<div class=\"elementor-widget-wrap elementor-element-populated\">\n\t\t\t\t\t\t<section class=\"elementor-section elementor-inner-section elementor-element elementor-element-2dd4ef8 elementor-section-content-middle elementor-section-boxed elementor-section-height-default elementor-section-height-default\" data-id=\"2dd4ef8\" data-element_type=\"section\" data-e-type=\"section\">\n\t\t\t\t\t\t<div class=\"elementor-container elementor-column-gap-default\">\n\t\t\t\t\t<div class=\"elementor-column elementor-col-25 elementor-inner-column elementor-element elementor-element-a734d0c\" data-id=\"a734d0c\" data-element_type=\"column\" data-e-type=\"column\">\n\t\t\t<div class=\"elementor-widget-wrap elementor-element-populated\">\n\t\t\t\t\t\t<div class=\"elementor-element elementor-element-9ea39c8 elementor-widget elementor-widget-text-editor\" data-id=\"9ea39c8\" data-element_type=\"widget\" data-e-type=\"widget\" data-widget_type=\"text-editor.default\">\n\t\t\t\t<div class=\"elementor-widget-container\">\n\t\t\t\t\t\t\t\t\t<ul><li>Son gestionados \u00edntegramente por la comunidad o asociaciones locales.<\/li><\/ul>\t\t\t\t\t\t\t\t<\/div>\n\t\t\t\t<\/div>\n\t\t\t\t\t<\/div>\n\t\t<\/div>\n\t\t\t\t<div class=\"elementor-column elementor-col-25 elementor-inner-column elementor-element elementor-element-eca4486\" data-id=\"eca4486\" data-element_type=\"column\" data-e-type=\"column\">\n\t\t\t<div class=\"elementor-widget-wrap elementor-element-populated\">\n\t\t\t\t\t\t<div class=\"elementor-element elementor-element-3215c4e elementor-widget elementor-widget-text-editor\" data-id=\"3215c4e\" data-element_type=\"widget\" data-e-type=\"widget\" data-widget_type=\"text-editor.default\">\n\t\t\t\t<div class=\"elementor-widget-container\">\n\t\t\t\t\t\t\t\t\t<ul><li>Mantienen pr\u00e1cticas de conservaci\u00f3n activa en sus \u00e1reas de influencia.<\/li><\/ul>\t\t\t\t\t\t\t\t<\/div>\n\t\t\t\t<\/div>\n\t\t\t\t\t<\/div>\n\t\t<\/div>\n\t\t\t\t<div class=\"elementor-column elementor-col-25 elementor-inner-column elementor-element elementor-element-f83d23e\" data-id=\"f83d23e\" data-element_type=\"column\" data-e-type=\"column\">\n\t\t\t<div class=\"elementor-widget-wrap elementor-element-populated\">\n\t\t\t\t\t\t<div class=\"elementor-element elementor-element-0c4e79f elementor-widget elementor-widget-text-editor\" data-id=\"0c4e79f\" data-element_type=\"widget\" data-e-type=\"widget\" data-widget_type=\"text-editor.default\">\n\t\t\t\t<div class=\"elementor-widget-container\">\n\t\t\t\t\t\t\t\t\t<ul><li>Ofrecen experiencias basadas en el respeto absoluto a la propiedad intelectual y cultural de los pueblos.<\/li><\/ul>\t\t\t\t\t\t\t\t<\/div>\n\t\t\t\t<\/div>\n\t\t\t\t\t<\/div>\n\t\t<\/div>\n\t\t\t\t<div class=\"elementor-column elementor-col-25 elementor-inner-column elementor-element elementor-element-5a962fd\" data-id=\"5a962fd\" data-element_type=\"column\" data-e-type=\"column\">\n\t\t\t<div class=\"elementor-widget-wrap elementor-element-populated\">\n\t\t\t\t\t\t<div class=\"elementor-element elementor-element-a058dc9 elementor-widget elementor-widget-text-editor\" data-id=\"a058dc9\" data-element_type=\"widget\" data-e-type=\"widget\" data-widget_type=\"text-editor.default\">\n\t\t\t\t<div class=\"elementor-widget-container\">\n\t\t\t\t\t\t\t\t\t<ul><li>Garantizan que el beneficio econ\u00f3mico se distribuya de forma equitativa y transparente.<\/li><\/ul>\t\t\t\t\t\t\t\t<\/div>\n\t\t\t\t<\/div>\n\t\t\t\t\t<\/div>\n\t\t<\/div>\n\t\t\t\t\t<\/div>\n\t\t<\/section>\n\t\t\t\t\t<\/div>\n\t\t<\/div>\n\t\t\t\t\t<\/div>\n\t\t<\/section>\n\t\t\t\t<section class=\"elementor-section elementor-top-section elementor-element elementor-element-5b6f250 elementor-section-boxed elementor-section-height-default elementor-section-height-default\" data-id=\"5b6f250\" data-element_type=\"section\" data-e-type=\"section\">\n\t\t\t\t\t\t<div class=\"elementor-container elementor-column-gap-default\">\n\t\t\t\t\t<div class=\"elementor-column elementor-col-16 elementor-top-column elementor-element elementor-element-50e70a1\" data-id=\"50e70a1\" data-element_type=\"column\" data-e-type=\"column\">\n\t\t\t<div class=\"elementor-widget-wrap\">\n\t\t\t\t\t\t\t<\/div>\n\t\t<\/div>\n\t\t\t\t<div class=\"elementor-column elementor-col-66 elementor-top-column elementor-element elementor-element-73815b6\" data-id=\"73815b6\" data-element_type=\"column\" data-e-type=\"column\">\n\t\t\t<div class=\"elementor-widget-wrap elementor-element-populated\">\n\t\t\t\t\t\t<div class=\"elementor-element elementor-element-28e74d3 elementor-widget elementor-widget-text-editor\" data-id=\"28e74d3\" data-element_type=\"widget\" data-e-type=\"widget\" data-widget_type=\"text-editor.default\">\n\t\t\t\t<div class=\"elementor-widget-container\">\n\t\t\t\t\t\t\t\t\t<h3 style=\"text-align: center;\" data-path-to-node=\"10\">Viaje con Prop\u00f3sito<\/h3><p style=\"text-align: center;\" data-path-to-node=\"11\">Nuestra asesor\u00eda en territorio nos permite afirmar que el \u00e9xito de estas iniciativas de turismo comunitario en la amazon\u00eda de Ecuador dependen de la calidad del visitante.<\/p><p style=\"text-align: center;\" data-path-to-node=\"11\">Invitamos a viajeros, investigadores y organizaciones a utilizar este directorio como canal para coordinar estancias que respeten los tiempos y procesos de la vida en la selva.<\/p>\t\t\t\t\t\t\t\t<\/div>\n\t\t\t\t<\/div>\n\t\t\t\t\t<\/div>\n\t\t<\/div>\n\t\t\t\t<div class=\"elementor-column elementor-col-16 elementor-top-column elementor-element elementor-element-7e36695\" data-id=\"7e36695\" data-element_type=\"column\" data-e-type=\"column\">\n\t\t\t<div class=\"elementor-widget-wrap\">\n\t\t\t\t\t\t\t<\/div>\n\t\t<\/div>\n\t\t\t\t\t<\/div>\n\t\t<\/section>\n\t\t\t\t<section class=\"elementor-section elementor-top-section elementor-element elementor-element-befb723 elementor-section-boxed elementor-section-height-default elementor-section-height-default\" data-id=\"befb723\" data-element_type=\"section\" data-e-type=\"section\">\n\t\t\t\t\t\t<div class=\"elementor-container elementor-column-gap-default\">\n\t\t\t\t\t<div class=\"elementor-column elementor-col-100 elementor-top-column elementor-element elementor-element-36c9076\" data-id=\"36c9076\" data-element_type=\"column\" data-e-type=\"column\">\n\t\t\t<div class=\"elementor-widget-wrap elementor-element-populated\">\n\t\t\t\t\t\t<div class=\"elementor-element elementor-element-ed51d1b elementor-widget elementor-widget-listeo-listings\" data-id=\"ed51d1b\" data-element_type=\"widget\" data-e-type=\"widget\" data-widget_type=\"listeo-listings.default\">\n\t\t\t\t<div class=\"elementor-widget-container\">\n\t\t\t\t\t\n\t\t\t<div class=\"row margin-bottom-25\">\n\t\t\t\t\t\t\t<\/div>\n\t\t<!-- Listings -->\r\n\r\n<div id=\"listeo-listings-container\" \r\ndata-counter=\"2\" \r\ndata-style=\"grid\"  \r\ndata-custom_class=\"new-grid-layout-nl \" \r\ndata-per_page=\"7\" \r\ndata-grid_columns=\"3\" \r\n data-region=\"morona-santiago,napo,orellana,pastaza,sucumbios\"  data-category=\"turismo-responsable-ecuador\" class=\"list-layout new-grid-layout-nl ajax-search\">\r\n\t<div class=\"loader-ajax-container\" > <div class=\"loader-ajax\"><\/div> <\/div><!-- Listing Item -->\r\n\r\n\r\n<div  class=\"listing-card-container-nl margin-bottom-30 listing-geo-data\" \r\n\t\tdata-title=\"YASUN\u00cd KURYSACHA TRAVEL\"\r\n\t\tdata-listing-type=\"service\"\r\n\t\tdata-classifieds-price=\"&#36;\"\r\n\t\tdata-friendly-address=\"Llanchama, Parque Nacional Yasun\u00ed\"\r\n\t\tdata-address=\"Llanchama, Parque Nacional Yasun\u00ed\"\r\n\t\tdata-image=\"https:\/\/ecuadorconsciente.org\/wp-content\/uploads\/2024\/06\/Atardecer-sobre-Tiputini-Yasuni-520x397.jpeg\"\r\n\t\tdata-longitude=\"-75.67414058158641\"\r\n\t\tdata-latitude=\"-0.6867423600709269\"\r\n\t\t\t\t\tdata-rating=\"0\"\r\n\t\t\tdata-reviews=\"0\"\r\n\t\t\t\tdata-icon=\"&lt;svg xmlns=&quot;http:\/\/www.w3.org\/2000\/svg&quot; xmlns:xlink=&quot;http:\/\/www.w3.org\/1999\/xlink&quot; enable-background=&quot;new 0 0 512 512&quot; id=&quot;Layer_2&quot; version=&quot;1.1&quot; viewBox=&quot;0 0 512 512&quot; xml:space=&quot;preserve&quot;&gt;&lt;g&gt;&lt;path d=&quot;M210.695,132.965c0,0,34.944-26.392,88.279,0c0,0,68.048,31.91,90.118,116.51c22.07,84.6-64.37,148.97-143.453,137.935 c-79.083-11.035-141.614-113.294-112.187-159.639s91.729-81.288,125.867-72.093c34.138,9.196,94.83,66.048,89.312,114.866 s-53.335,106.612-99.313,75.876s-115.866-77.822-69.887-118.649s65.2-45.612,101.568,0s23.643,74.518-15.973,71.1 c-39.616-3.418-65.364-14.558-48.812-43.932s33.104,0,33.104,0&quot; fill=&quot;none&quot; stroke=&quot;#474747&quot; stroke-linecap=&quot;round&quot; stroke-linejoin=&quot;round&quot; stroke-miterlimit=&quot;10&quot; stroke-width=&quot;15&quot;\/&gt;&lt;polygon fill=&quot;none&quot; points=&quot;223.855,85.56 288.145,85.56 255.045,15.996&quot; stroke=&quot;#474747&quot; stroke-linecap=&quot;round&quot; stroke-linejoin=&quot;round&quot; stroke-miterlimit=&quot;10&quot; stroke-width=&quot;15&quot;\/&gt;&lt;polygon fill=&quot;none&quot; points=&quot;288.145,424.318 223.855,424.318 256.955,493.883&quot; stroke=&quot;#474747&quot; stroke-linecap=&quot;round&quot; stroke-linejoin=&quot;round&quot; stroke-miterlimit=&quot;10&quot; stroke-width=&quot;15&quot;\/&gt;&lt;polygon fill=&quot;none&quot; points=&quot;86.621,287.084 86.621,222.795 17.057,255.894&quot; stroke=&quot;#474747&quot; stroke-linecap=&quot;round&quot; stroke-linejoin=&quot;round&quot; stroke-miterlimit=&quot;10&quot; stroke-width=&quot;15&quot;\/&gt;&lt;polygon fill=&quot;none&quot; points=&quot;425.379,222.795 425.379,287.084 494.943,253.984&quot; stroke=&quot;#474747&quot; stroke-linecap=&quot;round&quot; stroke-linejoin=&quot;round&quot; stroke-miterlimit=&quot;10&quot; stroke-width=&quot;15&quot;\/&gt;&lt;polygon fill=&quot;none&quot; points=&quot;113.501,157.9 158.961,112.441 86.366,86.656&quot; stroke=&quot;#474747&quot; stroke-linecap=&quot;round&quot; stroke-linejoin=&quot;round&quot; stroke-miterlimit=&quot;10&quot; stroke-width=&quot;15&quot;\/&gt;&lt;polygon fill=&quot;none&quot; points=&quot;398.499,351.979 353.039,397.438 425.634,423.222&quot; stroke=&quot;#474747&quot; stroke-linecap=&quot;round&quot; stroke-linejoin=&quot;round&quot; stroke-miterlimit=&quot;10&quot; stroke-width=&quot;15&quot;\/&gt;&lt;polygon fill=&quot;none&quot; points=&quot;158.961,397.438 113.501,351.979 87.717,424.573&quot; stroke=&quot;#474747&quot; stroke-linecap=&quot;round&quot; stroke-linejoin=&quot;round&quot; stroke-miterlimit=&quot;10&quot; stroke-width=&quot;15&quot;\/&gt;&lt;polygon fill=&quot;none&quot; points=&quot;353.039,112.441 398.499,157.9 424.283,85.306&quot; stroke=&quot;#474747&quot; stroke-linecap=&quot;round&quot; stroke-linejoin=&quot;round&quot; stroke-miterlimit=&quot;10&quot; stroke-width=&quot;15&quot;\/&gt;&lt;\/g&gt;&lt;\/svg&gt;\"\r\n\r\n\t>\r\n\t<div class=\"listing-card-nl\">\r\n\t\t<!-- ===== LEFT: IMAGE SLIDER ===== -->\r\n\t\t<div class=\"listing-image-container-nl\">\r\n\t\t\t<a href=\"https:\/\/ecuadorconsciente.org\/en\/listing\/yasuni-kurysacha-travel\/\">\r\n\t\t\t\t<div class=\"slider-wrapper-nl\">\r\n\t\t\t\t\t\t\t\t\t<img decoding=\"async\" src=\"https:\/\/ecuadorconsciente.org\/wp-content\/uploads\/2024\/06\/Atardecer-sobre-Tiputini-Yasuni-520x397.jpeg\" alt=\"Sunset over Tiputini, Yasun\u00ed\" class=\"slider-image-nl\">\r\n\t\t\t\t\t\t<\/div>\r\n\t\t\t<\/a>\r\n\r\n\t\t\t\t\t\t<div class=\"slider-arrow-nl left-nl\" id=\"prevBtn\"><i class=\"fa-solid fa-chevron-left\"><\/i><\/div>\r\n\t\t\t<div class=\"slider-arrow-nl right-nl\" id=\"nextBtn\"><i class=\"fa-solid fa-chevron-right\"><\/i><\/div>\r\n\t\t\t<div class=\"image-overlay-top-nl\">\r\n\r\n\t\t\t\t\t\t\t\t\t\t\t<\/div>\r\n\t\t<\/div>\r\n\r\n\t\t<!-- ===== RIGHT: LISTING DETAILS (NOW 2-COLUMN) ===== -->\r\n\t\t<a href=\"https:\/\/ecuadorconsciente.org\/en\/listing\/yasuni-kurysacha-travel\/\" class=\"listing-details-nl\">\r\n\r\n\t\t\t<!-- Main Content Column (Left) -->\r\n\t\t\t<div class=\"details-main-col-nl\">\r\n\t\t\t\t<div class=\"listing-badges-nl\">\r\n\t\t\t\t\t\t\t\t\t\t\t\t\t\t<\/div>\r\n\t\t\t\t<h2 class=\"listing-title-nl\">YASUN\u00cd KURYSACHA TRAVEL\t\t\t\t\t<div class=\"listing-title-badges-nl\">\r\n\t\t\t\t\t\t\t\t\t\t\t\t\t<div class=\"verified-icon-nl title-badge-nl\">\r\n\t\t\t\t\t\t\t\t<i class=\"fa fa-check\"><\/i>\r\n\t\t\t\t\t\t\t\t<span class=\"tooltip-nl\">Verified Listing<\/span>\r\n\t\t\t\t\t\t\t<\/div>\r\n\t\t\t\t\t\t\t\t\t\t\t\t\t\t\t\t\t<\/div>\r\n\t\t\t\t<\/h2>\r\n\t\t\t\t\r\n\r\n\t\t\t\t\t\t\t<\/div>\r\n\r\n\t\t\t<!-- Sidebar Column (Right) -->\r\n\t\t\t<div class=\"details-sidebar-col-nl\">\r\n\t\t\t\t<div class=\"details-sidebar-upper-nl\">\r\n\r\n\t\t\t\t\t\t\t\t\t<\/div>\r\n\t\t\t\t\r\n\r\n\t\t\t<\/div>\r\n\r\n\r\n\t\t<\/a>\r\n\t<\/div>\r\n<\/div>\r\n\r\n\r\n<!-- Listing Item \/ End --><!-- Listing Item -->\r\n\r\n\r\n<div  class=\"listing-card-container-nl margin-bottom-30 listing-geo-data\" \r\n\t\tdata-title=\"Aero Sarayaku. Transporte a\u00e9reo en la amazon\u00eda de Ecuador\"\r\n\t\tdata-listing-type=\"service\"\r\n\t\tdata-classifieds-price=\"&#36;\"\r\n\t\tdata-friendly-address=\"Av. Luis J\u00e1come, Shell 160105, Ecuador\"\r\n\t\tdata-address=\"Av. Luis J\u00e1come, Shell 160105, Ecuador\"\r\n\t\tdata-image=\"https:\/\/ecuadorconsciente.org\/wp-content\/uploads\/2020\/01\/Opera-Captura-de-pantalla_2022-07-22_002159_sarayaku.org_.png\"\r\n\t\tdata-longitude=\"-78.05948894814549\"\r\n\t\tdata-latitude=\"-1.5061670263266005\"\r\n\t\t\t\t\tdata-rating=\"4.9\"\r\n\t\t\tdata-reviews=\"19\"\r\n\t\t\t\tdata-icon=\"&lt;svg xmlns=&quot;http:\/\/www.w3.org\/2000\/svg&quot; xmlns:xlink=&quot;http:\/\/www.w3.org\/1999\/xlink&quot; enable-background=&quot;new 0 0 512 512&quot; id=&quot;Layer_2&quot; version=&quot;1.1&quot; viewBox=&quot;0 0 512 512&quot; xml:space=&quot;preserve&quot;&gt;&lt;g&gt;&lt;path d=&quot;M210.695,132.965c0,0,34.944-26.392,88.279,0c0,0,68.048,31.91,90.118,116.51c22.07,84.6-64.37,148.97-143.453,137.935 c-79.083-11.035-141.614-113.294-112.187-159.639s91.729-81.288,125.867-72.093c34.138,9.196,94.83,66.048,89.312,114.866 s-53.335,106.612-99.313,75.876s-115.866-77.822-69.887-118.649s65.2-45.612,101.568,0s23.643,74.518-15.973,71.1 c-39.616-3.418-65.364-14.558-48.812-43.932s33.104,0,33.104,0&quot; fill=&quot;none&quot; stroke=&quot;#474747&quot; stroke-linecap=&quot;round&quot; stroke-linejoin=&quot;round&quot; stroke-miterlimit=&quot;10&quot; stroke-width=&quot;15&quot;\/&gt;&lt;polygon fill=&quot;none&quot; points=&quot;223.855,85.56 288.145,85.56 255.045,15.996&quot; stroke=&quot;#474747&quot; stroke-linecap=&quot;round&quot; stroke-linejoin=&quot;round&quot; stroke-miterlimit=&quot;10&quot; stroke-width=&quot;15&quot;\/&gt;&lt;polygon fill=&quot;none&quot; points=&quot;288.145,424.318 223.855,424.318 256.955,493.883&quot; stroke=&quot;#474747&quot; stroke-linecap=&quot;round&quot; stroke-linejoin=&quot;round&quot; stroke-miterlimit=&quot;10&quot; stroke-width=&quot;15&quot;\/&gt;&lt;polygon fill=&quot;none&quot; points=&quot;86.621,287.084 86.621,222.795 17.057,255.894&quot; stroke=&quot;#474747&quot; stroke-linecap=&quot;round&quot; stroke-linejoin=&quot;round&quot; stroke-miterlimit=&quot;10&quot; stroke-width=&quot;15&quot;\/&gt;&lt;polygon fill=&quot;none&quot; points=&quot;425.379,222.795 425.379,287.084 494.943,253.984&quot; stroke=&quot;#474747&quot; stroke-linecap=&quot;round&quot; stroke-linejoin=&quot;round&quot; stroke-miterlimit=&quot;10&quot; stroke-width=&quot;15&quot;\/&gt;&lt;polygon fill=&quot;none&quot; points=&quot;113.501,157.9 158.961,112.441 86.366,86.656&quot; stroke=&quot;#474747&quot; stroke-linecap=&quot;round&quot; stroke-linejoin=&quot;round&quot; stroke-miterlimit=&quot;10&quot; stroke-width=&quot;15&quot;\/&gt;&lt;polygon fill=&quot;none&quot; points=&quot;398.499,351.979 353.039,397.438 425.634,423.222&quot; stroke=&quot;#474747&quot; stroke-linecap=&quot;round&quot; stroke-linejoin=&quot;round&quot; stroke-miterlimit=&quot;10&quot; stroke-width=&quot;15&quot;\/&gt;&lt;polygon fill=&quot;none&quot; points=&quot;158.961,397.438 113.501,351.979 87.717,424.573&quot; stroke=&quot;#474747&quot; stroke-linecap=&quot;round&quot; stroke-linejoin=&quot;round&quot; stroke-miterlimit=&quot;10&quot; stroke-width=&quot;15&quot;\/&gt;&lt;polygon fill=&quot;none&quot; points=&quot;353.039,112.441 398.499,157.9 424.283,85.306&quot; stroke=&quot;#474747&quot; stroke-linecap=&quot;round&quot; stroke-linejoin=&quot;round&quot; stroke-miterlimit=&quot;10&quot; stroke-width=&quot;15&quot;\/&gt;&lt;\/g&gt;&lt;\/svg&gt;\"\r\n\r\n\t>\r\n\t<div class=\"listing-card-nl\">\r\n\t\t<!-- ===== LEFT: IMAGE SLIDER ===== -->\r\n\t\t<div class=\"listing-image-container-nl\">\r\n\t\t\t<a href=\"https:\/\/ecuadorconsciente.org\/en\/listing\/aero-sarayaku\/\">\r\n\t\t\t\t<div class=\"slider-wrapper-nl\">\r\n\t\t\t\t\t<img decoding=\"async\" src=\"https:\/\/ecuadorconsciente.org\/wp-content\/uploads\/2020\/01\/Opera-Captura-de-pantalla_2022-07-22_002159_sarayaku.org_.png\" alt=\"Aero Sarayaku. Air transport company in the Ecuadorian Amazon\" class=\"slider-image-nl\"><img decoding=\"async\" src=\"https:\/\/ecuadorconsciente.org\/wp-content\/uploads\/2020\/01\/Opera-Captura-de-pantalla_2022-07-22_002601_sarayaku.org_.png\" alt=\"People from the Sarayaku People in Pastaza, Ecuadorian Amazon together with one of their planes for air transport\" class=\"slider-image-nl\"><img decoding=\"async\" src=\"https:\/\/ecuadorconsciente.org\/wp-content\/uploads\/2020\/01\/Opera-Captura-de-pantalla_2022-07-22_002545_sarayaku.org_-e1675439938523.png\" alt=\"Air transport unites towns and prevents the advance of roads within the Ecuadorian Amazon\" class=\"slider-image-nl\">\t\t\t\t<\/div>\r\n\t\t\t<\/a>\r\n\r\n\t\t\t\t\t\t<div class=\"slider-arrow-nl left-nl\" id=\"prevBtn\"><i class=\"fa-solid fa-chevron-left\"><\/i><\/div>\r\n\t\t\t<div class=\"slider-arrow-nl right-nl\" id=\"nextBtn\"><i class=\"fa-solid fa-chevron-right\"><\/i><\/div>\r\n\t\t\t<div class=\"image-overlay-top-nl\">\r\n\r\n\t\t\t\t\t\t\t\t\t\t\t<\/div>\r\n\t\t<\/div>\r\n\r\n\t\t<!-- ===== RIGHT: LISTING DETAILS (NOW 2-COLUMN) ===== -->\r\n\t\t<a href=\"https:\/\/ecuadorconsciente.org\/en\/listing\/aero-sarayaku\/\" class=\"listing-details-nl\">\r\n\r\n\t\t\t<!-- Main Content Column (Left) -->\r\n\t\t\t<div class=\"details-main-col-nl\">\r\n\t\t\t\t<div class=\"listing-badges-nl\">\r\n\t\t\t\t\t\t\t\t\t\t\t\t\t\t<\/div>\r\n\t\t\t\t<h2 class=\"listing-title-nl\">Aero Sarayaku. Air transport in the Ecuadorian Amazon\t\t\t\t\t<div class=\"listing-title-badges-nl\">\r\n\t\t\t\t\t\t\t\t\t\t\t\t\t<div class=\"verified-icon-nl title-badge-nl\">\r\n\t\t\t\t\t\t\t\t<i class=\"fa fa-check\"><\/i>\r\n\t\t\t\t\t\t\t\t<span class=\"tooltip-nl\">Verified Listing<\/span>\r\n\t\t\t\t\t\t\t<\/div>\r\n\t\t\t\t\t\t\t\t\t\t\t\t\t\t\t\t\t<\/div>\r\n\t\t\t\t<\/h2>\r\n\t\t\t\t\r\n\r\n\t\t\t\t\t\t\t<\/div>\r\n\r\n\t\t\t<!-- Sidebar Column (Right) -->\r\n\t\t\t<div class=\"details-sidebar-col-nl\">\r\n\t\t\t\t<div class=\"details-sidebar-upper-nl\">\r\n\r\n\t\t\t\t\t\t\t\t\t\t\t\t<div class=\"listing-rating-nl\">\r\n\t\t\t\t\t\t\t\t<div class=\"stars-nl\" data-rating=\"4.9\">\r\n\r\n\t\t\t\t\t\t\t\t\t<div class=\"listing-rating-nl\">\n                      <div class=\"stars-nl\">\n                          <i class=\"fa-solid fa-star\"><\/i>\n                            <i class=\"fa-solid fa-star\"><\/i>\n                            <i class=\"fa-solid fa-star\"><\/i>\n                            <i class=\"fa-solid fa-star\"><\/i>\n                            <i class=\"fa-solid fa-star-half-stroke\"><\/i>\n                      <\/div>\n                       <div class=\"rating-text-nl\">4.9 <span>(19)<\/span><\/div><\/div> \t\t\t\t\t\t\t\t<\/div>\r\n\t\t\t\t\t\t\t<\/div>\r\n\t\t\t\t\t\t\t\t\t<\/div>\r\n\t\t\t\t\r\n\r\n\t\t\t<\/div>\r\n\r\n\r\n\t\t<\/a>\r\n\t<\/div>\r\n<\/div>\r\n\r\n\r\n<!-- Listing Item \/ End -->\t\t\t<\/div>\n\t\t\t\t\t\t\t\t<div class=\"pagination-container margin-top-20 margin-bottom-20 ajax-search\">\n\t\t\t\t\t\t\t\t\t\t\t<\/div>\n\t\t\t\t\t\t\t\t\t\t\t<\/div>\n\t\t\t\t<\/div>\n\t\t\t\t\t<\/div>\n\t\t<\/div>\n\t\t\t\t\t<\/div>\n\t\t<\/section>\n\t\t\t\t<\/div>","protected":false},"excerpt":{"rendered":"<p>Esta secci\u00f3n de Ecuador Consciente funciona como un nodo de conexi\u00f3n directa entre el viajero responsable y los leg\u00edtimos guardianes del ecosistema amaz\u00f3nico. Es una herramienta de visibilizaci\u00f3n para emprendimientos que nacen del territorio, bajo modelos de autogesti\u00f3n y defensa cultural. El Valor de la Gesti\u00f3n Local El turismo comunitario en la Amazon\u00eda ecuatoriana representa [&hellip;]<\/p>\n","protected":false},"author":1,"featured_media":5215,"parent":0,"menu_order":0,"comment_status":"closed","ping_status":"closed","template":"","meta":{"_seopress_robots_primary_cat":"","_seopress_titles_title":"Operadores de Turismo Comunitario en la Amazon\u00eda de Ecuador","_seopress_titles_desc":"Conexi\u00f3n directa entre viajeros responsables y los leg\u00edtimos guardianes del ecosistema amaz\u00f3nico. Herramienta de visibilizaci\u00f3n de emprendimientos que nacen desde territorio.","_seopress_robots_index":"","footnotes":""},"class_list":["post-5186","page","type-page","status-publish","has-post-thumbnail","hentry"],"_links":{"self":[{"href":"https:\/\/ecuadorconsciente.org\/en\/wp-json\/wp\/v2\/pages\/5186","targetHints":{"allow":["GET"]}}],"collection":[{"href":"https:\/\/ecuadorconsciente.org\/en\/wp-json\/wp\/v2\/pages"}],"about":[{"href":"https:\/\/ecuadorconsciente.org\/en\/wp-json\/wp\/v2\/types\/page"}],"author":[{"embeddable":true,"href":"https:\/\/ecuadorconsciente.org\/en\/wp-json\/wp\/v2\/users\/1"}],"replies":[{"embeddable":true,"href":"https:\/\/ecuadorconsciente.org\/en\/wp-json\/wp\/v2\/comments?post=5186"}],"version-history":[{"count":24,"href":"https:\/\/ecuadorconsciente.org\/en\/wp-json\/wp\/v2\/pages\/5186\/revisions"}],"predecessor-version":[{"id":5216,"href":"https:\/\/ecuadorconsciente.org\/en\/wp-json\/wp\/v2\/pages\/5186\/revisions\/5216"}],"wp:featuredmedia":[{"embeddable":true,"href":"https:\/\/ecuadorconsciente.org\/en\/wp-json\/wp\/v2\/media\/5215"}],"wp:attachment":[{"href":"https:\/\/ecuadorconsciente.org\/en\/wp-json\/wp\/v2\/media?parent=5186"}],"curies":[{"name":"wp","href":"https:\/\/api.w.org\/{rel}","templated":true}]}}