{"id":95,"date":"2020-01-01T12:48:19","date_gmt":"2020-01-01T12:48:19","guid":{"rendered":"http:\/\/localhost\/demo\/?page_id=3"},"modified":"2023-09-26T00:40:09","modified_gmt":"2023-09-26T05:40:09","slug":"privacidad","status":"publish","type":"page","link":"https:\/\/ecuadorconsciente.org\/en\/privacidad\/","title":{"rendered":"Privacy policies"},"content":{"rendered":"<div data-elementor-type=\"wp-page\" data-elementor-id=\"95\" class=\"elementor elementor-95\" data-elementor-post-type=\"page\">\n\t\t\t\t\t\t<section class=\"elementor-section elementor-top-section elementor-element elementor-element-198989f5 elementor-section-boxed elementor-section-height-default elementor-section-height-default\" data-id=\"198989f5\" data-element_type=\"section\" data-e-type=\"section\">\n\t\t\t\t\t\t<div class=\"elementor-container elementor-column-gap-default\">\n\t\t\t\t\t<div class=\"elementor-column elementor-col-100 elementor-top-column elementor-element elementor-element-44e39047\" data-id=\"44e39047\" data-element_type=\"column\" data-e-type=\"column\">\n\t\t\t<div class=\"elementor-widget-wrap elementor-element-populated\">\n\t\t\t\t\t\t<div class=\"elementor-element elementor-element-3efffc73 elementor-widget elementor-widget-text-editor\" data-id=\"3efffc73\" data-element_type=\"widget\" data-e-type=\"widget\" data-widget_type=\"text-editor.default\">\n\t\t\t\t<div class=\"elementor-widget-container\">\n\t\t\t\t\t\t\t\t\t<br \/>\n\t\t\t\t\t\t\t\t<\/div>\n\t\t\t\t<\/div>\n\t\t\t\t\t<\/div>\n\t\t<\/div>\n\t\t\t\t\t<\/div>\n\t\t<\/section>\n\t\t\t\t<section class=\"elementor-section elementor-top-section elementor-element elementor-element-bceb9db elementor-section-boxed elementor-section-height-default elementor-section-height-default\" data-id=\"bceb9db\" data-element_type=\"section\" data-e-type=\"section\">\n\t\t\t\t\t\t<div class=\"elementor-container elementor-column-gap-default\">\n\t\t\t\t\t<div class=\"elementor-column elementor-col-100 elementor-top-column elementor-element elementor-element-5362065\" data-id=\"5362065\" data-element_type=\"column\" data-e-type=\"column\">\n\t\t\t<div class=\"elementor-widget-wrap elementor-element-populated\">\n\t\t\t\t\t\t<div class=\"elementor-element elementor-element-5f99396 elementor-widget elementor-widget-text-editor\" data-id=\"5f99396\" data-element_type=\"widget\" data-e-type=\"widget\" data-widget_type=\"text-editor.default\">\n\t\t\t\t<div class=\"elementor-widget-container\">\n\t\t\t\t\t\t\t\t\t<h4>Introducci\u00f3n<\/h4><p><strong>CONSCIOUS ECUADOR <\/strong>est\u00e1 comprometida a proteger su privacidad. Esta\u00a0<\/p><h4>Recopilaci\u00f3n de informaci\u00f3n<\/h4><p>La informaci\u00f3n es recogida directamente de usted. Generalmente, usted puede visitar el sitio web de <strong>CONSCIOUS ECUADOR<\/strong> sin proporcionar ninguna informaci\u00f3n personal. En algunas p\u00e1ginas, podr\u00edamos pedirle informaci\u00f3n personal para proporcionarle el servicio, o cumplir con la transacci\u00f3n solicitada.<\/p><ul><li>detalles de contacto, como ser su nombre, t\u00edtulo, nombre de la compa\u00f1\u00eda\/organizaci\u00f3n, direcci\u00f3n de correo electr\u00f3nico, tel\u00e9fono y n\u00famero de fax, direcci\u00f3n f\u00edsica;<\/li><li>informaci\u00f3n acerca de su compa\u00f1\u00eda y, su puesto de trabajo<\/li><li>sus preferencias de correos electr\u00f3nicos comerciales<\/li><li>informaci\u00f3n financiera (incluyendo informaci\u00f3n de tarjetas de cr\u00e9ditos y cuentas);<\/li><li>informaci\u00f3n como su nacionalidad y pa\u00eds de residencia que nos permite determinar su elegilibilidad bajo las regulaciones de exportaci\u00f3n, para recibir informaci\u00f3n acerca de determinadas tecnolog\u00edas;<\/li><li>informaci\u00f3n usada para personalizar y facilitar su uso para nuestro sitio web, incluyendo el registro de usuario e informaci\u00f3n t\u00e9cnica;<\/li><li>investigaci\u00f3n acerca de pedidos para nuestros productos y servicios;<\/li><li>informaci\u00f3n que nos ayude a identificar los productos y servicios que mejor se adapten a sus requerimientos;<\/li><li>informaci\u00f3n de registraci\u00f3n del d\u00eda; y<\/li><li>contact you about our website, our products and services in general<\/li><\/ul><p>No est\u00e1 obligado a darnos cualquiera de esta informaci\u00f3n, pero de no hacerlo, puede que no podamos proporcionarle el servicio solicitado, o completar su transacci\u00f3n.<br \/>La informaci\u00f3n es recolectada autom\u00e1ticamente. Recolectamos informaci\u00f3n sobre su visita a nuestro sitio web, incluyendo las p\u00e1ginas que usted ve, el n\u00famero de bytes transferidos, los links que usted cliquea, los materiales que accede, y otras acciones llevadas a cabo en el sitio de <strong>CONSCIOUS ECUADOR<\/strong>. En los sitios que usted accede con una identificaci\u00f3n, podemos conectar esa informaci\u00f3n con su identidad para determinar sus potenciales intereses en nuestros productos y servicios. Tambi\u00e9n, reunimos ciertos est\u00e1ndares de informaci\u00f3n que su navegador de internet env\u00eda a cada sitio web que usted visita, como su direcci\u00f3n de Protocolo de Internet (IP), su tipo de navegador de internet, capacidades e idiomas, su sistema de operaci\u00f3n, la fecha y hora de acceso al sitio y, el sitio web por el cual usted accedi\u00f3 al nuestro. No vinculamos esta informaci\u00f3n con su identidad.<\/p><h4>Uso de la informaci\u00f3n<\/h4><p>Servicios y transacciones. Usamos su informaci\u00f3n personal para entregar el servicio o cumplir con las transacciones solicitadas, como proporcionando informaci\u00f3n de los productos de <strong>CONSCIOUS ECUADOR<\/strong>, registrando la compra de los productos, procesando las \u00f3rdenes de productos, manejando los reclamos de garant\u00edas, remplazando manuales de productos, respondiendo las solicitudes del servicio del cliente, facilitando el uso de nuestro sitio web, y as\u00ed sucesivamente.<\/p><h4>Website improvements<\/h4><p>Podemos usar su informaci\u00f3n personal para mejorar nuestro sitio web y los productos y servicios relacionados con <strong>CONSCIOUS ECUADOR<\/strong>, o para hacer nuestro sitio web m\u00e1s f\u00e1cil de usar, eliminando la necesidad de que usted repetidamente entre la misma informaci\u00f3n, o personalizando nuestro sitio web a sus preferencias personales o intereses.<\/p><h4>Communications<\/h4><p>Con su permiso, podemos usar su informaci\u00f3n personal recogida v\u00eda nuestro sitio web, para informarle acerca de productos o servicios disponibles desde <strong>CONSCIOUS ECUADOR<\/strong>.\u00a0 Cuando recolectemos informaci\u00f3n que podr\u00edamos usar para contactarnos con usted acerca de nuestros productos y servicios, siempre le daremos la oportunidad de decidir recibir esas comunicaciones. Adem\u00e1s, cada correo electr\u00f3nico que enviamos incluye un link de cancelaci\u00f3n de subscripci\u00f3n, permiti\u00e9ndole que deje de recibir ese tipo de comunicaciones.<\/p><h4>Job Applications<\/h4><p>En relaci\u00f3n con una solicitud de trabajo o investigaci\u00f3n, usted puede proporcionarnos informaci\u00f3n acerca de usted, como ser un curriculum viate. Podemos usar esta informaci\u00f3n en <strong>CONSCIOUS ECUADOR<\/strong>, sus subsidiarias y afiliados controlados, a los efectos de la consideraci\u00f3n de empleo. Tendremos en cuenta esta informaci\u00f3n para el futuro, a menos que nos diga directamente hacer lo contrario.<\/p><h4>Use of Cookies and Web Beacons<\/h4><p>Las cookies son peque\u00f1os archivos que los sitios web guardan en su disco duro o en la memoria de su navegador web. Podremos usar los cookies para realizar un seguimiento del n\u00famero de veces que usted visit\u00f3 el sitio web, para determinar y analizar los usos de los visitantes de nuestros sitios (incluida la efectividad de la publicidad on line), para almacenar la informaci\u00f3n que usted proporciona, tales como sus preferencias, y para almacenar informaci\u00f3n t\u00e9cnica \u00fatil para su interacci\u00f3n con nuestros sitios web. Podremos utilizar las cookies de sesi\u00f3n (cookies que se borran de su navegador web cuando finaliza la sesi\u00f3n) para almacenar su identificaci\u00f3n de usuario, los elementos de su perfil de usuario, para facilitar su movimiento entorno a nuestros sitios web (en particular con relaci\u00f3n con las b\u00fasquedas de de informaci\u00f3n y el orden de colocaci\u00f3n) y otra informaci\u00f3n \u00fatil en la administraci\u00f3n de la sesi\u00f3n. Usted tiene la posibilidad de aceptar o rechazar las cookies. La mayor\u00eda de los navegadores de internet aceptan autom\u00e1ticamente las cookies, pero normalmente usted puede modificar la configuraci\u00f3n de su navegador de Internet para rechazar las cookies, o para que le notifique cuando una cookie est\u00e1 siendo utilizada en su equipo. Si decide rechazar las cookies, es posible que no pueda experimentar plenamente las opciones del sitio web de <strong>CONSCIOUS ECUADOR<\/strong> o de otros sitios web que visite. Nuestros sitios tambi\u00e9n pueden contener im\u00e1genes electr\u00f3nicas conocidas como web beacons \u2013 a veces llamadas gifs de un solo pixel \u2013 que nos permiten contar el n\u00famero de usuarios que han visitado esas p\u00e1ginas. Podemos incluir web beacons en correos electr\u00f3nicos promocionales o en boletines informativos, a fin de determinar si los mensajes se han abierto y, actuar en consecuencia.<\/p><h4>Divulgaci\u00f3n de su informaci\u00f3n personal<\/h4><p>Excepto como se describe a continuaci\u00f3n, la informaci\u00f3n personal que usted proporciona a <strong>CONSCIOUS ECUADOR<\/strong> a trav\u00e9s de nuestros sitios web, no ser\u00e1 compartida fuera de <strong>CONSCIOUS ECUADOR<\/strong>, its controlled subsidiaries and affiliates, without your permission.<br \/>Aclaraci\u00f3n a los proveedores de servicios.\u00a0 <strong>CONSCIOUS ECUADOR<\/strong>\u00a0tiene contratos con otras compa\u00f1\u00edas para prestar servicios en nuestro nombre, como ser el alojamiento de sitios web, el env\u00edo de informaci\u00f3n, procesamiento de transacciones y, el an\u00e1lisis de nuestros sitios web. A esas compa\u00f1\u00edas solo le ofrecemos los elementos necesarios de su informaci\u00f3n personal para prestar esos servicios. Esas compa\u00f1\u00edas y sus empleados, tienen prohibido usar esa informaci\u00f3n para cualquier otro prop\u00f3sito.<br \/>Aclaraci\u00f3n a los distribuidores. En repuesta a la solicitud formulada por usted, podemos compartir su informaci\u00f3n personal con compa\u00f1\u00edas que distribuyen nuestros productos. En esos casos, a esas compa\u00f1\u00edas les proporcionamos solo esos elementos de su informaci\u00f3n personal que necesitan para responder su solicitud, y esas compa\u00f1\u00edas y sus empleados, tiene prohibido usar esa informaci\u00f3n para cualquier otro prop\u00f3sito. En algunos casos, podemos solicitar su permiso para compartir su informaci\u00f3n con distribuidores con objetivos de comercializaci\u00f3n, distintos de responder a una solicitud suya. Sin embargo, no compartiremos su informaci\u00f3n personal para tales fines de comercializaci\u00f3n, a menos que tengamos su expreso consentimiento para hacer eso.<br \/>Aclaraci\u00f3n en relaci\u00f3n con las transacciones. En relaci\u00f3n con ciertas operaciones, podemos divulgar parte o la totalidad de su informaci\u00f3n personal a instituciones financieras, entidades gubernamentales, y empresas navieras o servicios postales involucrados en el proceso.<br \/>Aclaraci\u00f3n en relaci\u00f3n a las adquisiciones o desinversiones.\u00a0 Pueden surgir circunstancias en la cuales, por motivos de estrategia o otros motivos de negocios, <strong>CONSCIOUS ECUADOR<\/strong> decida vender, comprar fusionar o reorganizar en algunos pa\u00edses. Este tipo de transacciones pueden implicar la divulgaci\u00f3n de informaci\u00f3n personal a los posibles o reales compradores, o recibirla de los vendedores.\u00a0 <strong>CONSCIOUS ECUADOR<\/strong> busca la pr\u00e1ctica de la adecuada protecci\u00f3n de la informaci\u00f3n en este tipo de transacciones.<br \/>Aclaraci\u00f3n por otros motivos. Podemos revelar informaci\u00f3n personal\u00a0 si es necesario para cumplir con los requerimientos legales, o con nuestros procesos legales, para proteger y defender nuestros derechos de propiedad, o en circunstancias urgentes, para proteger la seguridad individual de cualquier individuo.<\/p><h4>Security<\/h4><p><strong>CONSCIOUS ECUADOR<\/strong> se compromete a proteger la seguridad de su informaci\u00f3n personal. Usamos distintos tipos de tecnolog\u00edas de seguridad y procedimientos, para ayudar a proteger su informaci\u00f3n\u00a0 personal de accesos no autorizados, usos, o divulgaciones. Por ejemplo, almacenamos la informaci\u00f3n personal que usted nos proporciona en un sistema de computarizado con acceso limitado, que se encuentra localizado en instalaciones cuyo acceso es limitado. Para los sitios en los que usted ingresa con un usuario, es su responsabilidad garantizar la seguridad de su contrase\u00f1a y, no revelar esa informaci\u00f3n a otros. Cuando usted se mueve dentro de un sitio en el que ingres\u00f3 con un usuario, o de un sitio a otro que usa el mismo sistema de registraci\u00f3n, verificamos su identidad a trav\u00e9s de cookies cifradas en su m\u00e1quina. Aunque no podemos garantizar ninguna p\u00e9rdida, mal uso, divulgaciones no autorizadas, o alteraciones de datos, tratamos de prevenir esos hechos desafortunados.<\/p><p>\u00a0<\/p>\t\t\t\t\t\t\t\t<\/div>\n\t\t\t\t<\/div>\n\t\t\t\t<div class=\"elementor-element elementor-element-4b8ebfb elementor-widget elementor-widget-menu-anchor\" data-id=\"4b8ebfb\" data-element_type=\"widget\" data-e-type=\"widget\" data-widget_type=\"menu-anchor.default\">\n\t\t\t\t<div class=\"elementor-widget-container\">\n\t\t\t\t\t\t\t<div class=\"elementor-menu-anchor\" id=\"eliminacion-datos\"><\/div>\n\t\t\t\t\t\t<\/div>\n\t\t\t\t<\/div>\n\t\t\t\t<div class=\"elementor-element elementor-element-5a11141 elementor-widget elementor-widget-text-editor\" data-id=\"5a11141\" data-element_type=\"widget\" data-e-type=\"widget\" data-widget_type=\"text-editor.default\">\n\t\t\t\t<div class=\"elementor-widget-container\">\n\t\t\t\t\t\t\t\t\t<h4>Revisi\u00f3n o eliminaci\u00f3n de su informaci\u00f3n personal<\/h4><p>En algunos casos, usted puede revisar y corregir la informaci\u00f3n personal proporcionada a trav\u00e9s de nuestros sitios web, utilizando la p\u00e1gina en la que proporcion\u00f3 la informaci\u00f3n. En todos los casos, usted puede solicitar la revisi\u00f3n y la correcci\u00f3n de su informaci\u00f3n personal recogida v\u00eda nuestro sitio web, o solicitar a <strong>CONSCIOUS ECUADOR<\/strong> que deje de usarla, completando nuestro formulario de Contacto o env\u00edandonos un correo a<a href=\"mailto:info@ecuadorconsciente-org-485647.hostingersite.com\" target=\"_blank\" rel=\"noopener\"> info@ecuadorconsciente-org-485647.hostingersite.com<\/a>. Es posible que llevemos a cabo ciertas medidas para verificar sus identidad antes de proporcionarle el acceso a su informaci\u00f3n personal. Usted puede ayudarnos a mantener la exactitud de su informaci\u00f3n, notific\u00e1ndonos cualquier cambio de su direcci\u00f3n de correo, n\u00famero de tel\u00e9fono, o direcci\u00f3n de correo electr\u00f3nico. Las solicitudes para corregir o borrar datos personales est\u00e1n sujetas a cualquier ley\u00a0 y reporte \u00e9tico aplicable, o presentaci\u00f3n de documentos, o retenci\u00f3n de obligaciones impuestas a nosotros.<\/p>\t\t\t\t\t\t\t\t<\/div>\n\t\t\t\t<\/div>\n\t\t\t\t<div class=\"elementor-element elementor-element-4546e6f elementor-widget elementor-widget-text-editor\" data-id=\"4546e6f\" data-element_type=\"widget\" data-e-type=\"widget\" data-widget_type=\"text-editor.default\">\n\t\t\t\t<div class=\"elementor-widget-container\">\n\t\t\t\t\t\t\t\t\t<h4>Consentimiento para las transferencias internacionales de informaci\u00f3n personal<\/h4><p>La informaci\u00f3n personal que recogemos de nuestro sitio web puede ser enviado a los Estados Unidos u otro pa\u00eds en el cual <strong>CONSCIOUS ECUADOR<\/strong> o sus afiliados, subsidiarias o agentes tengan instalaciones. Tambi\u00e9n, podemos almacenar y procesar la informaci\u00f3n ah\u00ed.\u00a0 Aunque las leyes que protegen la informaci\u00f3n personal en esos pa\u00edses pueda diferir de las leyes donde usted vive, tomaremos las medidas razonables para garantizar que su privacidad sea protegida.\u00a0 Mediante el uso de nuestro sitio web, y al darnos su informaci\u00f3n, usted nos da su consentimiento para transferir los datos fuera de su pa\u00eds.<\/p><h4>Informaci\u00f3n sobre ni\u00f1os<\/h4><p><strong>CONSCIOUS ECUADOR<\/strong> no recopila informaci\u00f3n a sabiendas de ni\u00f1os menores de 18 a\u00f1os, y no apunta a que sus sitios recaben informaci\u00f3n de menores de 18 a\u00f1os.<\/p><h4>Links to other sites<\/h4><p>This Privacy Agreement only applies to this website. Our website may contain links to other sites, such as distributors of <strong>CONSCIOUS ECUADOR<\/strong>, y filiales de ventas, profesionales, organizaciones gubernamentales y publicaciones. Tambi\u00e9n vinculamos a terceros proveedores que alojan, mantienen y operan en l\u00ednea los programas de formaci\u00f3n. Si bien tratamos de vincular solo a sitios que comparten nuestros altos est\u00e1ndares y respeto por la privacidad, no somos responsables por el contenido, seguridad o practicas de privacidad utilizadas por otros sitios.<\/p><h4>Cumplimiento de la presente declaraci\u00f3n de privacidad<\/h4><p>Si tiene preguntas acerca de esta declaraci\u00f3n, o acerca del tratamiento de su informaci\u00f3n personal, por favor cont\u00e1ctenos. De inmediato tendremos en cuenta su preocupaci\u00f3n, y nos esforzaremos para lograr una soluci\u00f3n satisfactoria.<\/p><h4>Cambios a esta declaraci\u00f3n de privacidad<\/h4><p><strong>CONSCIOUS ECUADOR<\/strong> puede ocasionalmente actualizar esta declaraci\u00f3n de privacidad. Cuando lo hagamos, revisaremos la fecha de \u201c\u00faltima actualizaci\u00f3n\u201d al inicio y al final de la declaraci\u00f3n de privacidad. Obtendremos su opci\u00f3n consentida para cualquier actualizaci\u00f3n de la presente declaraci\u00f3n de privacidad que materialmente ampl\u00ede el intercambio o los usos de su informaci\u00f3n personal, en formas no divulgadas en esta declaraci\u00f3n de privacidad en el momento de su recogida.<\/p>\t\t\t\t\t\t\t\t<\/div>\n\t\t\t\t<\/div>\n\t\t\t\t\t<\/div>\n\t\t<\/div>\n\t\t\t\t\t<\/div>\n\t\t<\/section>\n\t\t\t\t<\/div>","protected":false},"excerpt":{"rendered":"<p>Introducci\u00f3n ECUADOR CONSCIENTE est\u00e1 comprometida a proteger su privacidad. Esta\u00a0 Recopilaci\u00f3n de informaci\u00f3n La informaci\u00f3n es recogida directamente de usted. Generalmente, usted puede visitar el sitio web de ECUADOR CONSCIENTE sin proporcionar ninguna informaci\u00f3n personal. En algunas p\u00e1ginas, podr\u00edamos pedirle informaci\u00f3n personal para proporcionarle el servicio, o cumplir con la transacci\u00f3n solicitada. detalles de contacto, [&hellip;]<\/p>\n","protected":false},"author":1,"featured_media":0,"parent":0,"menu_order":0,"comment_status":"closed","ping_status":"closed","template":"","meta":{"_seopress_robots_primary_cat":"0","_seopress_titles_title":"","_seopress_titles_desc":"","_seopress_robots_index":"","footnotes":""},"class_list":["post-95","page","type-page","status-publish","hentry"],"_links":{"self":[{"href":"https:\/\/ecuadorconsciente.org\/en\/wp-json\/wp\/v2\/pages\/95","targetHints":{"allow":["GET"]}}],"collection":[{"href":"https:\/\/ecuadorconsciente.org\/en\/wp-json\/wp\/v2\/pages"}],"about":[{"href":"https:\/\/ecuadorconsciente.org\/en\/wp-json\/wp\/v2\/types\/page"}],"author":[{"embeddable":true,"href":"https:\/\/ecuadorconsciente.org\/en\/wp-json\/wp\/v2\/users\/1"}],"replies":[{"embeddable":true,"href":"https:\/\/ecuadorconsciente.org\/en\/wp-json\/wp\/v2\/comments?post=95"}],"version-history":[{"count":0,"href":"https:\/\/ecuadorconsciente.org\/en\/wp-json\/wp\/v2\/pages\/95\/revisions"}],"wp:attachment":[{"href":"https:\/\/ecuadorconsciente.org\/en\/wp-json\/wp\/v2\/media?parent=95"}],"curies":[{"name":"wp","href":"https:\/\/api.w.org\/{rel}","templated":true}]}}