{"id":1016,"date":"2023-06-12T12:25:49","date_gmt":"2023-06-12T17:25:49","guid":{"rendered":"https:\/\/ecuadorconsciente-org-485647.hostingersite.com\/product\/borrador-automatico\/"},"modified":"2024-04-12T11:55:25","modified_gmt":"2024-04-12T16:55:25","slug":"automatic-eraser","status":"publish","type":"product","link":"https:\/\/ecuadorconsciente.org\/en\/product\/automatic-eraser\/","title":{"rendered":"Amethyst Wellness Center"},"content":{"rendered":"<h2 style=\"text-align: center;\">Centro de Terapias Hol\u00ecsticas y Masajes Terap\u00e9uticos en Guayaquil &#8211; Ecuador<\/h2>\n<p style=\"text-align: center;\">Sum\u00e9rgete en un oasis de relajaci\u00f3n y bienestar en el Amatista Wellness Center, un santuario de las terapias hol\u00edsticas y masajes terap\u00e9uticos ubicado en el coraz\u00f3n de Guayaquil. Nuestro centro est\u00e1 dise\u00f1ado para brindarte una experiencia revitalizante y restauradora, que te permita rejuvenecer tu mente, cuerpo y esp\u00edritu.<\/p>\n<p style=\"text-align: center;\">In it <a style=\"color: #339966;\" href=\"https:\/\/www.facebook.com\/amatistawellnesscenter\" target=\"_blank\" rel=\"noopener\">Amethyst Wellness Center<\/a>r, ofrecemos una amplia gama de terapias hol\u00edsticas y masajes terap\u00e9uticos de diferentes tipos que podr\u00e1s conocer mas abajo en nuestro men\u00fa de masajes y terapias. Cada una de nuestras opciones ha sido dise\u00f1ada para abordar tus necesidades individuales. Desde masajes terap\u00e9uticos y aromaterapia hasta meditaci\u00f3n guiada y terapia de sonido, nuestro equipo de profesionales expertos est\u00e1 dedicado a brindarte una atenci\u00f3n personalizada y de alta calidad.<\/p>\n<p style=\"text-align: center;\">Directed by <a style=\"color: #339966;\" href=\"https:\/\/www.instagram.com\/michellabuti_studio\/\" target=\"_blank\" rel=\"noopener\">Michella Buty<\/a>, (Health Coach), nuestro centro de masajes y terapias hol\u00edsticas en Guayaquil se enfoca en acompa\u00f1arte en tu camino hacia una completa salud mental, vital, emocional y f\u00edsica. Michella es una gu\u00eda apasionada que te ayudar\u00e1 a descubrir tu m\u00e1ximo potencial y a alcanzar un equilibrio integral en todas las \u00e1reas de tu vida. Su experiencia y conocimientos te brindar\u00e1n las herramientas necesarias para superar cualquier obst\u00e1culo y encontrar el bienestar duradero que mereces.<\/p>\n<p style=\"text-align: center;\">En el Amatista Wellness Center tambi\u00e9n nos especializamos en belleza y cosm\u00e9tica natural. Nuestros tratamientos faciales y corporales utilizan productos org\u00e1nicos de alta calidad, dise\u00f1ados para nutrir y rejuvenecer tu piel de manera natural. Te invitamos a experimentar la fusi\u00f3n perfecta entre la relajaci\u00f3n y el cuidado de tu belleza interior y exterior.<\/p>\n<p style=\"text-align: center;\">Tambi\u00e9n ofrecemos servicios de rehabilitaci\u00f3n f\u00edsica, donde nuestro equipo de terapeutas altamente capacitados trabajar\u00e1 contigo para ayudarte en tu proceso de recuperaci\u00f3n. Ya sea que est\u00e9s buscando aliviar el dolor, mejorar tu movilidad o recuperarte de una lesi\u00f3n, te brindaremos un enfoque personalizado y efectivo para que vuelvas a tu mejor estado f\u00edsico.<\/p>\n<p style=\"text-align: center;\">En el Amatista Wellness Center, nos enorgullece ofrecer un enfoque basado en la etnofarmacolog\u00eda en el que aprovechamos el poder de las plantas medicinales y su interacci\u00f3n con los diferentes tipos de terapias naturales y masajes que practicamos.<\/p>\n<p>\u00a0Nuestros expertos te guiar\u00e1n a trav\u00e9s de los beneficios de las hierbas y los remedios naturales (muchos de los cuales empleamos en varias de nuestras opciones de masajes), brind\u00e1ndote soluciones hol\u00edsticas para mejorar tu salud y bienestar.<\/p>\n<p style=\"text-align: center;\">\u00a0Descubre la transformaci\u00f3n interior y experimenta una renovaci\u00f3n completa en el Centro de Terapias Hol\u00edsticas y Masajes Terap\u00e9uticos \u00abAmatista Wellness Center\u00bb.<\/p>\n<p style=\"text-align: center;\">Vis\u00edtanos en Cedros 417-1 en el coraz\u00f3n de Urdesa en la ciudad de Guayaquil.<\/p>\n<p style=\"text-align: center;\">\u00a0<\/p>","protected":false},"excerpt":{"rendered":"<p>Centro de Terapias Hol\u00ecsticas y Masajes Terap\u00e9uticos en Guayaquil &#8211; Ecuador Sum\u00e9rgete en un oasis de relajaci\u00f3n y bienestar en el Amatista Wellness Center, un santuario de las terapias hol\u00edsticas y masajes terap\u00e9uticos ubicado en el coraz\u00f3n de Guayaquil. Nuestro centro est\u00e1 dise\u00f1ado para brindarte una experiencia revitalizante y restauradora, que te permita rejuvenecer tu [&hellip;]<\/p>\n","protected":false},"featured_media":0,"template":"","meta":{"_seopress_robots_primary_cat":"0","_seopress_titles_title":"","_seopress_titles_desc":"","_seopress_robots_index":""},"product_brand":[],"product_cat":[133],"product_tag":[],"class_list":{"0":"post-1016","1":"product","2":"type-product","3":"status-publish","5":"product_cat-listeo-booking","7":"first","8":"instock","9":"virtual","10":"sold-individually","11":"purchasable","12":"product-type-listing_booking"},"_links":{"self":[{"href":"https:\/\/ecuadorconsciente.org\/en\/wp-json\/wp\/v2\/product\/1016","targetHints":{"allow":["GET"]}}],"collection":[{"href":"https:\/\/ecuadorconsciente.org\/en\/wp-json\/wp\/v2\/product"}],"about":[{"href":"https:\/\/ecuadorconsciente.org\/en\/wp-json\/wp\/v2\/types\/product"}],"wp:attachment":[{"href":"https:\/\/ecuadorconsciente.org\/en\/wp-json\/wp\/v2\/media?parent=1016"}],"wp:term":[{"taxonomy":"product_brand","embeddable":true,"href":"https:\/\/ecuadorconsciente.org\/en\/wp-json\/wp\/v2\/product_brand?post=1016"},{"taxonomy":"product_cat","embeddable":true,"href":"https:\/\/ecuadorconsciente.org\/en\/wp-json\/wp\/v2\/product_cat?post=1016"},{"taxonomy":"product_tag","embeddable":true,"href":"https:\/\/ecuadorconsciente.org\/en\/wp-json\/wp\/v2\/product_tag?post=1016"}],"curies":[{"name":"wp","href":"https:\/\/api.w.org\/{rel}","templated":true}]}}