{"id":1396,"date":"2023-09-13T23:14:04","date_gmt":"2023-09-14T04:14:04","guid":{"rendered":"https:\/\/ecuadorconsciente-org-485647.hostingersite.com\/?post_type=product&#038;p=1396"},"modified":"2025-01-24T22:36:06","modified_gmt":"2025-01-25T03:36:06","slug":"salvador-fertilizante-organico-ecuador","status":"publish","type":"product","link":"https:\/\/ecuadorconsciente.org\/en\/product\/salvador-fertilizante-organico-ecuador\/","title":{"rendered":"SAVIOR. Organic fertilizer"},"content":{"rendered":"<div data-elementor-type=\"product-post\" data-elementor-id=\"1396\" class=\"elementor elementor-1396\" data-elementor-post-type=\"product\">\n\t\t\t\t\t\t<section class=\"elementor-section elementor-top-section elementor-element elementor-element-d66ea0f elementor-section-boxed elementor-section-height-default elementor-section-height-default\" data-id=\"d66ea0f\" data-element_type=\"section\" data-e-type=\"section\">\n\t\t\t\t\t\t<div class=\"elementor-container elementor-column-gap-default\">\n\t\t\t\t\t<div class=\"elementor-column elementor-col-50 elementor-top-column elementor-element elementor-element-6ff2dd22\" data-id=\"6ff2dd22\" data-element_type=\"column\" data-e-type=\"column\">\n\t\t\t<div class=\"elementor-widget-wrap elementor-element-populated\">\n\t\t\t\t\t\t<div class=\"elementor-element elementor-element-1d35b9b9 elementor-widget elementor-widget-text-editor\" data-id=\"1d35b9b9\" data-element_type=\"widget\" data-e-type=\"widget\" data-widget_type=\"text-editor.default\">\n\t\t\t\t<div class=\"elementor-widget-container\">\n\t\t\t\t\t\t\t\t\t<h5 style=\"text-align: center;\"><strong>\u00abSALVADOR\u00bb<br \/>Su elecci\u00f3n en fertilizantes org\u00e1nicos en Ecuador<\/strong><\/h5><h5 style=\"text-align: center;\"><span style=\"color: #000000;\">\u00a0\u00abSalvador\u00bb brilla entre los fertilizantes org\u00e1nicos en Ecuador ya que mejora la calidad y volumen de las cosechas, aumentando la fertilidad del suelo e incrementando la poblaci\u00f3n de microorganismos que ayudan a fijar nitr\u00f3geno atmosf\u00e9rico y act\u00faan como agentes de control biol\u00f3gico.<\/span><\/h5><h5 style=\"text-align: center;\"><span style=\"color: #000000;\">El biofertilizante \u00abSalvador\u00bb, al ser de presentaci\u00f3n de l\u00edquido emulsionable facilita el acceso a nutrientes para las plantas (ya sea en aplicaciones foliares o ed\u00e1ficas &#8211; al suelo-) aumentando la productividad de los cultivos y la resistencia a plagas y\/o enfermedades durante sus ciclos desde la siembra hasta la cosecha.<\/span><\/h5><h5 style=\"text-align: center;\"><span style=\"color: #000000;\">El proceso de fermentaci\u00f3n de microorganismos beneficiosos en ausencia de ox\u00edgeno hace que este bio fertilizante org\u00e1nico mejore de manera notoria los procesos biol\u00f3gicos del suelo, ayudando activamente al fortalecimiento de las plantas que lo reciben.<\/span><\/h5>\t\t\t\t\t\t\t\t<\/div>\n\t\t\t\t<\/div>\n\t\t\t\t\t<\/div>\n\t\t<\/div>\n\t\t\t\t<div class=\"elementor-column elementor-col-50 elementor-top-column elementor-element elementor-element-0fa16e4\" data-id=\"0fa16e4\" data-element_type=\"column\" data-e-type=\"column\">\n\t\t\t<div class=\"elementor-widget-wrap\">\n\t\t\t\t\t\t\t<\/div>\n\t\t<\/div>\n\t\t\t\t\t<\/div>\n\t\t<\/section>\n\t\t\t\t<section class=\"elementor-section elementor-top-section elementor-element elementor-element-a8cab9c elementor-section-boxed elementor-section-height-default elementor-section-height-default\" data-id=\"a8cab9c\" data-element_type=\"section\" data-e-type=\"section\">\n\t\t\t\t\t\t<div class=\"elementor-container elementor-column-gap-default\">\n\t\t\t\t\t<div class=\"elementor-column elementor-col-50 elementor-top-column elementor-element elementor-element-11164ef\" data-id=\"11164ef\" data-element_type=\"column\" data-e-type=\"column\">\n\t\t\t<div class=\"elementor-widget-wrap\">\n\t\t\t\t\t\t\t<\/div>\n\t\t<\/div>\n\t\t\t\t<div class=\"elementor-column elementor-col-50 elementor-top-column elementor-element elementor-element-a949ad7\" data-id=\"a949ad7\" data-element_type=\"column\" data-e-type=\"column\">\n\t\t\t<div class=\"elementor-widget-wrap elementor-element-populated\">\n\t\t\t\t\t\t<div class=\"elementor-element elementor-element-e8131e7 elementor-widget elementor-widget-text-editor\" data-id=\"e8131e7\" data-element_type=\"widget\" data-e-type=\"widget\" data-widget_type=\"text-editor.default\">\n\t\t\t\t<div class=\"elementor-widget-container\">\n\t\t\t\t\t\t\t\t\t<h5 style=\"text-align: center;\"><strong>En que cultivos puedo usar el biofertilizante \u00abSALVADOR\u00bb<\/strong><\/h5><h5 style=\"text-align: center;\">Salvador puede ser usado en una amplia gama de cultivos como banano, caf\u00e9, arroz, frutales, cacao, vegetales como sand\u00eda, tomate, pimiento y otros, y por supuesto en ma\u00edz.<\/h5><h5 style=\"text-align: center;\">De igual manera si usted requiere un fertilizante que sea seguro para disponerlo en el jard\u00edn de su hogar.<\/h5><h5 style=\"text-align: center;\">El bio fertilizante org\u00e1nico \u201cSalvador\u201d cuenta con registro de AgroCalidad (Ecuador) y tiene una vida \u00fatil en su envase de 1 a\u00f1o.<\/h5><h5 style=\"text-align: center;\">Salvador is made by the company <span style=\"color: #008000;\"><a style=\"color: #008000;\" href=\"https:\/\/neoagroglobal.com\" target=\"_blank\" rel=\"noopener\">NeoAgro Global<\/a> <\/span>based in Guayaquil, Ecuador. Visit your<span style=\"color: #008000;\"><a style=\"color: #008000;\" href=\"https:\/\/ecuadorconsciente.org\/en\/listing\/neoagro-global\/\" target=\"_blank\" rel=\"noopener\"> listed in Conscious Ecuador<\/a><\/span> para otros detalles de contacto para grandes vol\u00famenes.<\/h5><h5 style=\"text-align: center;\">Hacemos env\u00edos de todas las presentaciones de este biofertilizante en Ecuador. \u00abSalvador\u00bb llegar\u00e1 a su ciudad, recinto, parroquia, comuna o territorio en todo el Ecuador.<\/h5>\t\t\t\t\t\t\t\t<\/div>\n\t\t\t\t<\/div>\n\t\t\t\t\t<\/div>\n\t\t<\/div>\n\t\t\t\t\t<\/div>\n\t\t<\/section>\n\t\t\t\t<section class=\"elementor-section elementor-top-section elementor-element elementor-element-3b457cc1 elementor-section-boxed elementor-section-height-default elementor-section-height-default\" data-id=\"3b457cc1\" data-element_type=\"section\" data-e-type=\"section\">\n\t\t\t\t\t\t<div class=\"elementor-container elementor-column-gap-default\">\n\t\t\t\t\t<div class=\"elementor-column elementor-col-100 elementor-top-column elementor-element elementor-element-44170c9\" data-id=\"44170c9\" data-element_type=\"column\" data-e-type=\"column\">\n\t\t\t<div class=\"elementor-widget-wrap\">\n\t\t\t\t\t\t\t<\/div>\n\t\t<\/div>\n\t\t\t\t\t<\/div>\n\t\t<\/section>\n\t\t\t\t<\/div>","protected":false},"excerpt":{"rendered":"<p>Salvador es un fertilizante org\u00e1nico de alta calidad, elaborado mediante la fermentaci\u00f3n de microorganismos beneficiosos en ausencia de ox\u00edgeno. Este producto est\u00e1 dise\u00f1ado para enriquecer y fortalecer tus plantas, mejorando significativamente los procesos biol\u00f3gicos en el suelo.<\/p>\n<p>Lo mejor de todo es que Salvador es un fertilizante vers\u00e1til y completo, adecuado para una amplia variedad de cultivos, incluyendo aquellos con ciclos cortos, semiperennes y perennes. De igual manera es el fertilizante ideal para su huerta familiar, jard\u00edn del hogar y personas que se especializan en plantas como bonsai y orqu\u00eddeas.<\/p>\n<p>\u00a1Dale a tus plantas el cuidado que se merecen con Salvador!. Realice su pedido y hacemos env\u00edos a todo el Ecuador.<\/p>\n<p>El bio fertilizante org\u00e1nico \u00abSalvador\u00bb cuenta con registro de AgroCalidad (Ecuador) y tiene una vida \u00fatil en su envase de 1 a\u00f1o.<\/p>","protected":false},"featured_media":2400,"template":"","meta":{"_seopress_robots_primary_cat":"191","_seopress_titles_title":"Fertilizante org\u00e1nico %%page%% en Ecuador %%sep%% SALVADOR. %%sitename%%","_seopress_titles_desc":"\"Salvador\", su elecci\u00f3n de fertilizante org\u00e1nico en Ecuador. Apto en todo cultivo (ciclo corto, largo o perenne). Env\u00edos de biofertilizante en Ecuador.","_seopress_robots_index":""},"product_brand":[],"product_cat":[191,192],"product_tag":[],"class_list":{"0":"post-1396","1":"product","2":"type-product","3":"status-publish","4":"has-post-thumbnail","6":"product_cat-agricolas","7":"product_cat-biofertilizantes","9":"first","10":"instock","11":"shipping-taxable","12":"purchasable","13":"product-type-variable"},"_links":{"self":[{"href":"https:\/\/ecuadorconsciente.org\/en\/wp-json\/wp\/v2\/product\/1396","targetHints":{"allow":["GET"]}}],"collection":[{"href":"https:\/\/ecuadorconsciente.org\/en\/wp-json\/wp\/v2\/product"}],"about":[{"href":"https:\/\/ecuadorconsciente.org\/en\/wp-json\/wp\/v2\/types\/product"}],"wp:featuredmedia":[{"embeddable":true,"href":"https:\/\/ecuadorconsciente.org\/en\/wp-json\/wp\/v2\/media\/2400"}],"wp:attachment":[{"href":"https:\/\/ecuadorconsciente.org\/en\/wp-json\/wp\/v2\/media?parent=1396"}],"wp:term":[{"taxonomy":"product_brand","embeddable":true,"href":"https:\/\/ecuadorconsciente.org\/en\/wp-json\/wp\/v2\/product_brand?post=1396"},{"taxonomy":"product_cat","embeddable":true,"href":"https:\/\/ecuadorconsciente.org\/en\/wp-json\/wp\/v2\/product_cat?post=1396"},{"taxonomy":"product_tag","embeddable":true,"href":"https:\/\/ecuadorconsciente.org\/en\/wp-json\/wp\/v2\/product_tag?post=1396"}],"curies":[{"name":"wp","href":"https:\/\/api.w.org\/{rel}","templated":true}]}}