{"id":1502,"date":"2023-09-27T01:40:54","date_gmt":"2023-09-27T06:40:54","guid":{"rendered":"https:\/\/ecuadorconsciente-org-485647.hostingersite.com\/product\/aero-sarayaku-transporte-aereo-en-la-amazonia-de-ecuador-20\/"},"modified":"2023-09-27T01:40:54","modified_gmt":"2023-09-27T06:40:54","slug":"aero-sarayaku-air-transport-in-the-amazon-of-ecuador-20","status":"publish","type":"product","link":"https:\/\/ecuadorconsciente.org\/en\/product\/aero-sarayaku-air-transport-in-the-amazon-of-ecuador-20\/","title":{"rendered":"Aero Sarayaku. Air transport in the Ecuadorian Amazon"},"content":{"rendered":"<h3 class=\"wp-block-heading\" id=\"h-aerosarayaku-servicio-de-transporte-aereo-en-la-amazonia-de-ecuador\" style=\"margin-bottom:1rem\">AEROSARAYAKU. Air Transport Service in the Ecuadorian Amazon.<\/h3>\n\n\n\n<p class=\"has-text-align-left\"><p>The <strong>community enterprise<\/strong> of air transport (passengers and cargo) AERO SARAYAKU, in the Ecuadorian Amazon is owned by TAIJASARUTA (<strong>Kichwa Original People of Sarayaku<\/strong>).<\/p><\/p>\n\n\n\n<p>AERO SARAYAKU operates as a provider of the <strong>air taxi service<\/strong> (vuelos charter de carga y pasajeros) desde su base principal en el Aeropuerto \u00abR\u00edo Amazonas\u00bb en Shell, Pastaza en la amazon\u00eda de Ecuador y tiene como destino mas de 200 pistas en lo profundo de la selva amaz\u00f3nica.<\/p>\n\n\n\n<p>Aero Sarayaku&#039;s proposal is to be a viable option that strengthens the <strong>sustainable development<\/strong> in air transport in the Ecuadorian Amazon and that through responsible tourism promote prosperity for the indigenous nationalities of Ecuador; as well as being a <strong>alternative<\/strong> for the protection of the Amazon forest<strong> against the threats of extractivism and the advancement of highways<\/strong>.<\/p>\n\n\n\n<h3 class=\"wp-block-heading\"><strong>Aero Sarayaku offers the following services<\/strong><\/h3>\n\n\n\n\n\n\n<figure class=\"is-layout-flow wp-block-group-is-layout-flow wp-block-column-is-layout-flow is-layout-flex wp-container-core-columns-is-layout-cbf61e6d wp-block-columns-is-layout-flex\"><img decoding=\"async\" style=\"border-top-left-radius: 6px; border-top-right-radius: 6px;\" src=\"https:\/\/ecuadorconsciente.org\/wp-content\/uploads\/2020\/01\/Opera-Captura-de-pantalla_2022-07-22_002601_sarayaku.org_-1024x555.png\" alt=\"People from the Sarayaku People in Pastaza, Ecuadorian Amazon together with one of their planes for air transport\" \/><\/figure>\n\n\n\n\n<p class=\"is-layout-flow wp-block-group-is-layout-flow\"><strong>Transport of cargo and passengers (emergency flights)<\/strong><\/p>\n\n\n\n\n\n\n\n\n<figure class=\"is-layout-flow wp-block-group-is-layout-flow wp-block-column-is-layout-flow\"><img decoding=\"async\" style=\"border-top-left-radius: 6px; border-top-right-radius: 6px;\" src=\"https:\/\/ecuadorconsciente.org\/wp-content\/uploads\/2020\/01\/Opera-Captura-de-pantalla_2022-07-22_002506_sarayaku.org_-e1675440080660-1024x512.png\" alt=\"Emergency evacuation service from the Ecuadorian Amazon jungle\" \/><\/figure>\n\n\n\n<p class=\"is-layout-flow wp-block-group-is-layout-flow\"><strong>Humanitarian flights and passenger evacuation (emergency flights)<\/strong><\/p>\n\n\n<p>\u00a0<\/p>\n\n\n\n\n\n\n\n\n\n\n<figure class=\"is-layout-flow wp-block-group-is-layout-flow wp-block-column-is-layout-flow is-layout-flex wp-container-core-columns-is-layout-9d855ffb wp-block-columns-is-layout-flex\"><img decoding=\"async\" style=\"border-top-left-radius: 6px; border-top-right-radius: 6px;\" src=\"https:\/\/ecuadorconsciente.org\/wp-content\/uploads\/2020\/01\/Opera-Captura-de-pantalla_2022-07-22_002346_sarayaku.org_-1024x494.png\" alt=\"Aerosarayaku plane taking off from Sarayaku to Shell on one of the routes it covers in the Ecuadorian jungle.\" \/><\/figure>\n\n\n\n<p class=\"is-layout-flow wp-block-group-is-layout-flow\"><strong>Tourist and landscape overflights in the Ecuadorian Amazon<\/strong><\/p>\n\n\n\n\n\n\n\n<figure class=\"is-layout-flow wp-block-group-is-layout-flow wp-block-column-is-layout-flow\"><img decoding=\"async\" style=\"border-top-left-radius: 6px; border-top-right-radius: 6px;\" src=\"https:\/\/ecuadorconsciente.org\/wp-content\/uploads\/2020\/01\/Opera-Captura-de-pantalla_2022-07-22_002545_sarayaku.org_-e1675439938523-1024x515.png\" alt=\"Air transport unites towns and prevents the advance of roads within the Ecuadorian Amazon\" \/><\/figure>\n\n\n\n<p class=\"is-layout-flow wp-block-group-is-layout-flow\"><strong>Agreements with public and private organizations and institutions<\/strong><\/p>\n\n\n\n\n\n\n\n\n\n\n<figure class=\"is-layout-flow wp-block-group-is-layout-flow wp-block-column-is-layout-flow is-layout-flex wp-container-core-columns-is-layout-9d855ffb wp-block-columns-is-layout-flex\"><img fetchpriority=\"high\" decoding=\"async\" style=\"border-top-left-radius: 6px; border-top-right-radius: 6px;\" src=\"https:\/\/ecuadorconsciente.org\/wp-content\/uploads\/2020\/01\/admin-ajax.jpg\" alt=\"AeroSarayaku is a proposal for air transport (aircraft) in the Amazon jungle of Ecuador\" width=\"398\" height=\"398\" \/><\/figure>\n\n\n\n\n\n\n\n<p class=\"is-layout-flow wp-block-group-is-layout-flow wp-block-column-is-layout-flow\"><strong>Training and exchanges in aeronautical learning and instruction and aircraft maintenance.<\/strong><\/p>\n\n\n\n\n\n\n\n<p class=\"has-huge-font-size\"><h5>AeroSarayaku&#039;s social focus<\/h5><\/p>\n\n\n\n<p class=\"has-text-align-left\"><p>The focus of&nbsp;<strong>Aero Sarayaku to<\/strong>&nbsp;community&nbsp;<strong>and social service<\/strong>&nbsp;complements its environmental aspect. Thanks to <strong>Aero Sarayaku,<\/strong> the transport of people, goods and <strong>services<\/strong> air ambulance <strong>benefit<\/strong>&nbsp;to 7 indigenous nationalities&nbsp;<strong>in<\/strong>&nbsp;the&nbsp;<strong>Amazon<\/strong>&nbsp;ecuadorian<\/p><\/p>\n\n\n\n<p class=\"has-text-align-center\"><p>The people who collaborate with Aero Sarayaku stand out for their experience and knowledge of the Amazon Region, the cultural and social reality of the area, piloting, aircraft maintenance and aeronautical management.<\/p><\/p>\n\n\n\n<p class=\"has-text-align-center\"><p>Contact AeroSarayaku <a href=\"https:\/\/aerosarayaku.com.ec\/\" target=\"_blank\" rel=\"noopener\">through their website<\/a> to know more details about the destinations, frequencies and flight options.<\/p><\/p>\n\n\n\n<p class=\"has-text-align-center\"><p>You can also visit the official information from the page of the <a href=\"https:\/\/sarayaku.org\/aero-sarayaku-servicio-aereo-de-la-amazonia-ecuatoriana\/\" target=\"_blank\" rel=\"noopener\">TAIJASARUTA at Sarayaku.org<\/a><\/p><\/p>\n\n\n\n<p class=\"has-text-align-center\"><p>Fly with AeroSarayaku.<br>Your best option for air transportation in the Ecuadorian Amazon.<\/p><\/p>\n\n\n\n<p class=\"has-text-align-center\"><p>Discover more Conscious Ecuador options <a href=\"https:\/\/ecuadorconsciente.org\/en\/?select=&amp;lp_s_loc=107&amp;lp_s_tag=&amp;lp_s_cat=&amp;s=home&amp;post_type=listing\">in the amazon<\/a><\/p><\/p>","protected":false},"excerpt":{"rendered":"<p>AEROSARAYAKU. Servicio de Transporte A\u00e9reo en la Amazon\u00eda de Ecuador. La empresa comunitaria de transporte a\u00e9reo (pasajeros y carga) AERO SARAYAKU, en la amazon\u00eda ecuatoriana es propiedad del TAIJASARUTA (Pueblo Originario Kichwa de Sarayaku). AERO SARAYAKU opera como prestador del servicio de taxi a\u00e9reo (vuelos charter de carga y pasajeros) desde su base principal en [&hellip;]<\/p>\n","protected":false},"featured_media":0,"template":"","meta":{"_seopress_robots_primary_cat":"0","_seopress_titles_title":"","_seopress_titles_desc":"","_seopress_robots_index":""},"product_brand":[],"product_cat":[133],"product_tag":[],"class_list":{"0":"post-1502","1":"product","2":"type-product","3":"status-publish","5":"product_cat-listeo-booking","7":"first","8":"instock","9":"downloadable","10":"virtual","11":"sold-individually","12":"purchasable","13":"product-type-listing_booking"},"_links":{"self":[{"href":"https:\/\/ecuadorconsciente.org\/en\/wp-json\/wp\/v2\/product\/1502","targetHints":{"allow":["GET"]}}],"collection":[{"href":"https:\/\/ecuadorconsciente.org\/en\/wp-json\/wp\/v2\/product"}],"about":[{"href":"https:\/\/ecuadorconsciente.org\/en\/wp-json\/wp\/v2\/types\/product"}],"wp:attachment":[{"href":"https:\/\/ecuadorconsciente.org\/en\/wp-json\/wp\/v2\/media?parent=1502"}],"wp:term":[{"taxonomy":"product_brand","embeddable":true,"href":"https:\/\/ecuadorconsciente.org\/en\/wp-json\/wp\/v2\/product_brand?post=1502"},{"taxonomy":"product_cat","embeddable":true,"href":"https:\/\/ecuadorconsciente.org\/en\/wp-json\/wp\/v2\/product_cat?post=1502"},{"taxonomy":"product_tag","embeddable":true,"href":"https:\/\/ecuadorconsciente.org\/en\/wp-json\/wp\/v2\/product_tag?post=1502"}],"curies":[{"name":"wp","href":"https:\/\/api.w.org\/{rel}","templated":true}]}}