{"id":2183,"date":"2023-10-07T00:48:05","date_gmt":"2023-10-07T05:48:05","guid":{"rendered":"https:\/\/ecuadorconsciente-org-485647.hostingersite.com\/product\/best-hemp-inversion-en-cannabis-no-psicoactivo-en-ecuador-9\/"},"modified":"2023-10-07T00:48:06","modified_gmt":"2023-10-07T05:48:06","slug":"best-hemp-investment-in-cannabis-non-psychoactive-in-ecuador-9","status":"publish","type":"product","link":"https:\/\/ecuadorconsciente.org\/en\/product\/best-hemp-investment-in-cannabis-non-psychoactive-in-ecuador-9\/","title":{"rendered":"Best Hemp. Investment in non-psychoactive cannabis in Ecuador"},"content":{"rendered":"<h4>The BEST HEMP Ecuador Agroindustrial Corporation specializes in the investment and marketing of medicinal cannabis and industrial hemp in Ecuador.<\/h4>\n<h4><\/h4>\n<h4>\u00a0<\/h4>\n<h4><\/h4>\n<h4>Si tiene inter\u00e9s en invertir en cannabis en Ecuador, Best Hemp ofrece un modelo de negocio innovador respaldado por nuevas metodolog\u00edas y una infraestructura empresarial h\u00edbrida.<\/h4>\n<h4><\/h4>\n<h4>Best Hemp es pionero en Ecuador al adoptar y aprovechar la arquitectura del METAVERSO, FINTECH, DEFI, DAO, NFT&#8217;S y ETF&#8217;S, lo que le permite adaptarse a las nuevas tendencias financieras y comerciales en el sector agr\u00edcola relacionado con el cannabis no psicoactivo.<\/h4>\n<h4><\/h4>\n<h4>La visi\u00f3n de BEST HEMP Ecuador es establecer la primera red de producci\u00f3n agroindustrial con riesgo de inversi\u00f3n compartida en proyectos de cultivo de cannabis medicinal e industrial en Ecuador para el a\u00f1o 2027. Esto se lograr\u00e1 mediante la participaci\u00f3n de peque\u00f1os y medianos agricultores y cannabicultores, as\u00ed como del modelo de agricultura familiar campesina.<\/h4>\n<h4><\/h4>\n<h4>Adem\u00e1s de su enfoque empresarial, BEST HEMP tiene un fuerte compromiso con la responsabilidad social. Su objetivo es trabajar de manera inclusiva con los peque\u00f1os y medianos productores agr\u00edcolas de Ecuador, brindando oportunidades de comercializaci\u00f3n justa que contribuyan a su crecimiento y mejoren su calidad de vida.<\/h4>\n<h4><\/h4>\n<h4>Si deseas obtener m\u00e1s informaci\u00f3n sobre nuestra experiencia de m\u00e1s de 10 a\u00f1os en siembra y 5 a\u00f1os en comercializaci\u00f3n de cannabis no psicoactivo, as\u00ed como sobre las opciones de inversi\u00f3n disponibles en Ecuador, no dudes en ponerte en contacto con nosotros a trav\u00e9s del siguiente email: <a href=\"mailto:info@besthempecuador.com\">info@besthempecuador.com<\/a>. Estaremos encantados de brindarte informaci\u00f3n de primera mano y ayudarte a formar parte de esta creciente industria.<\/h4>\n<h4><\/h4>\n<h4><a href=\"http:\/\/www.besthempecuador.com\" target=\"_blank\" rel=\"noopener\">Best Hemp<\/a> tambi\u00e9n ofrece servicios adicionales como la incubaci\u00f3n de proyectos agr\u00edcolas, franquicias de agroservicios, extracci\u00f3n de productos de cannabis y franquicias de dispensarios de CBD (cannabis medicinal).<\/h4>\n<h4><\/h4>\n<h4>Si est\u00e1s buscando oportunidades de inversi\u00f3n en cannabis en la regi\u00f3n costera de Ecuador, te recomendamos consultar el listado de nuestro socio <a href=\"https:\/\/ecuadorconsciente.org\/en\/listado\/santacann-products-cannabis-museum-ecuador\/\">SantaCann<\/a>.<\/h4>\n<h4><\/h4>\n<h4>Aprovecha esta oportunidad para explorar el creciente mercado del cannabis en Ecuador y forma parte de una industria en desarrollo que ofrece perspectivas prometedoras en el campo de la medicina y la industria agr\u00edcola. \u00a1Cont\u00e1ctanos hoy mismo!<\/h4>","protected":false},"excerpt":{"rendered":"<p>La Corporaci\u00f3n Agroindustrial BEST HEMP Ecuador se especializa en la inversi\u00f3n y comercializaci\u00f3n de cannabis medicinal y c\u00e1\u00f1amo industrial en Ecuador. \u00a0 Si tiene inter\u00e9s en invertir en cannabis en Ecuador, Best Hemp ofrece un modelo de negocio innovador respaldado por nuevas metodolog\u00edas y una infraestructura empresarial h\u00edbrida. Best Hemp es pionero en Ecuador al [&hellip;]<\/p>\n","protected":false},"featured_media":0,"template":"","meta":{"_seopress_robots_primary_cat":"0","_seopress_titles_title":"","_seopress_titles_desc":"","_seopress_robots_index":""},"product_brand":[],"product_cat":[133],"product_tag":[],"class_list":{"0":"post-2183","1":"product","2":"type-product","3":"status-publish","5":"product_cat-listeo-booking","7":"first","8":"instock","9":"downloadable","10":"virtual","11":"sold-individually","12":"purchasable","13":"product-type-listing_booking"},"_links":{"self":[{"href":"https:\/\/ecuadorconsciente.org\/en\/wp-json\/wp\/v2\/product\/2183","targetHints":{"allow":["GET"]}}],"collection":[{"href":"https:\/\/ecuadorconsciente.org\/en\/wp-json\/wp\/v2\/product"}],"about":[{"href":"https:\/\/ecuadorconsciente.org\/en\/wp-json\/wp\/v2\/types\/product"}],"wp:attachment":[{"href":"https:\/\/ecuadorconsciente.org\/en\/wp-json\/wp\/v2\/media?parent=2183"}],"wp:term":[{"taxonomy":"product_brand","embeddable":true,"href":"https:\/\/ecuadorconsciente.org\/en\/wp-json\/wp\/v2\/product_brand?post=2183"},{"taxonomy":"product_cat","embeddable":true,"href":"https:\/\/ecuadorconsciente.org\/en\/wp-json\/wp\/v2\/product_cat?post=2183"},{"taxonomy":"product_tag","embeddable":true,"href":"https:\/\/ecuadorconsciente.org\/en\/wp-json\/wp\/v2\/product_tag?post=2183"}],"curies":[{"name":"wp","href":"https:\/\/api.w.org\/{rel}","templated":true}]}}