{"id":2390,"date":"2024-02-02T00:06:07","date_gmt":"2024-02-02T05:06:07","guid":{"rendered":"https:\/\/ecuadorconsciente-org-485647.hostingersite.com\/product\/borrador-automatico-5\/"},"modified":"2024-04-10T21:29:38","modified_gmt":"2024-04-11T02:29:38","slug":"automatic-eraser-5","status":"publish","type":"product","link":"https:\/\/ecuadorconsciente.org\/en\/product\/automatic-eraser-5\/","title":{"rendered":"NEOAGRO GLOBAL"},"content":{"rendered":"<h2 style=\"text-align: center;\">NEOAGRO GLOBAL\u00a0<\/h2>\n<h2 style=\"text-align: center;\">FORMULADOR, FABRICANTE Y DISTRIBUIDOR DE FERTILIZANTES ORG\u00c1NICOS EN ECUADOR<\/h2>\n<p style=\"text-align: center;\">NeoAgroGlobal\u00a0es una empresa dedicada a la formulaci\u00f3n, producci\u00f3n, distribuci\u00f3n y comercializaci\u00f3n de\u00a0insumos org\u00e1nicos\u00a0para el mercado agr\u00edcola en Ecuador y a nivel internacional.\u00a0<\/p>\n<p style=\"text-align: center;\">La misi\u00f3n de <a style=\"color: #339966;\" href=\"http:\/\/neoagroglobal.com\" target=\"_blank\" rel=\"noopener\">NeoAgroGlobal<\/a> es proveer al sector agr\u00edcola nacional con productos org\u00e1nicos innovadores, sostenibles y de alta calidad, como una medida para \u00a0enfrentar la desertificaci\u00f3n de los suelos y la crisis alimentaria, promoviendo el desarrollo sostenible del sector agr\u00edcola en Ecuador y latinoam\u00e9rica.<\/p>\n<p style=\"text-align: center;\">He<a style=\"color: #339966;\" href=\"https:\/\/ecuadorconsciente.org\/en\/product\/salvador-fertilizer-organic-ecuador\/\" target=\"_blank\" rel=\"noopener\">\u00a0biofertilizante org\u00e1nico \u201cSalvador\u201d<\/a> es el producto que NeoAgroGlobal, se encuentra en plena fase de crecimiento y expansi\u00f3n.<\/p>\n<p style=\"text-align: center;\">Salvador: Este fertilizante org\u00e1nico se elabora a base de\u00a0microorganismos enriquecidos con macroelementos de absorci\u00f3n inmediata. Su funci\u00f3n principal es nutrir y fortalecer las plantas, facilitando los procesos biol\u00f3gicos que ocurren en el suelo. Es un producto completo y vers\u00e1til, adecuado para\u00a0todo tipo de cultivos, incluyendo aquellos con ciclos cortos, semiperennes y perennes.\u00a0Salvador est\u00e1 disponible en diferentes presentaciones: 1 litro, 4 litros, 20 litros y 1000 litros.<\/p>\n<p style=\"text-align: center;\">NeoAgroGlobal es l\u00edder en el mercado de insumos org\u00e1nicos a nivel nacional y est\u00e1 expandiendo su presencia a nivel internacional.\u00a0<\/p>\n<p style=\"text-align: center;\">Richard Intriago, director general de\u00a0NeoAgro, es un l\u00edder visionario en el campo de la agricultura sostenible. Su compromiso con la innovaci\u00f3n y la seguridad alimentaria ha llevado a importantes logros para la empresa y la regi\u00f3n.<\/p>\n<p style=\"text-align: center;\">En enero del 2023, NeoAgro don\u00f3 100,000 litros de biofertilizantes\u00a0a El Salvador, con un valor de m\u00e1s de\u00a0$900,000. Este donativo contribuir\u00e1 significativamente a la producci\u00f3n agr\u00edcola y la seguridad alimentaria del pa\u00eds. Para Richard Intriago expres\u00f3 que este es el\u00a0primer paso en una alianza continua con el Gobierno, y est\u00e1n inspirados por el proceso de transformaci\u00f3n que El Salvador est\u00e1 experimentando, especialmente en temas de seguridad<\/p>\n<p style=\"text-align: center;\">Adem\u00e1s, NeoAgro tiene planes ambiciosos para el futuro. Est\u00e1n trabajando en la\u00a0construcci\u00f3n de una mega planta\u00a0en El Salvador dedicada a la producci\u00f3n de\u00a0fertilizantes org\u00e1nicos. Esta planta no solo abastecer\u00e1 la demanda local, sino tambi\u00e9n beneficiar\u00e1 a toda la regi\u00f3n de Centroam\u00e9rica.\u00a0<a href=\"https:\/\/diarioelsalvador.com\/compania-extranjera-explora-invertir-en-planta-de-fertilizantes-organicos-en-el-pais\/447841\/\" target=\"_blank\" rel=\"noopener\" data-citationid=\"f2eb5559-5031-ec5e-96ec-861c5a2d47c8-13-group\">Richard Intriago enfatiz\u00f3 su compromiso con un futuro m\u00e1s pr\u00f3spero y sostenible para la agricultura regional<\/a><a href=\"https:\/\/diarioelsalvador.com\/compania-extranjera-explora-invertir-en-planta-de-fertilizantes-organicos-en-el-pais\/447841\/\" target=\"_blank\" rel=\"noopener\" data-citationid=\"f2eb5559-5031-ec5e-96ec-861c5a2d47c8-13\" aria-label=\"1: organic fertilizers\"><sup>1<\/sup><\/a>.<\/p>\n<p style=\"text-align: center;\">Este tipo de iniciativas, lideradas por Richard Intriago y NeoAgro, fortalecen las estrategias agr\u00edcolas y ofrecen m\u00e1s oportunidades para cubrir las necesidades alimentarias de la poblaci\u00f3n salvadore\u00f1a.\u00a0Es un ejemplo inspirador de c\u00f3mo la colaboraci\u00f3n entre el sector privado y el Gobierno puede generar un impacto positivo en la sociedad<\/p>\n<p style=\"text-align: center;\">\u00a0<\/p>","protected":false},"excerpt":{"rendered":"<p>NEOAGRO GLOBAL\u00a0 FORMULADOR, FABRICANTE Y DISTRIBUIDOR DE FERTILIZANTES ORG\u00c1NICOS EN ECUADOR NeoAgroGlobal\u00a0es una empresa dedicada a la formulaci\u00f3n, producci\u00f3n, distribuci\u00f3n y comercializaci\u00f3n de\u00a0insumos org\u00e1nicos\u00a0para el mercado agr\u00edcola en Ecuador y a nivel internacional.\u00a0 La misi\u00f3n de NeoAgroGlobal es proveer al sector agr\u00edcola nacional con productos org\u00e1nicos innovadores, sostenibles y de alta calidad, como una medida [&hellip;]<\/p>\n","protected":false},"featured_media":0,"template":"","meta":{"_seopress_robots_primary_cat":"0","_seopress_titles_title":"","_seopress_titles_desc":"","_seopress_robots_index":""},"product_brand":[],"product_cat":[133],"product_tag":[],"class_list":{"0":"post-2390","1":"product","2":"type-product","3":"status-publish","5":"product_cat-listeo-booking","7":"first","8":"instock","9":"downloadable","10":"virtual","11":"sold-individually","12":"purchasable","13":"product-type-listing_booking"},"_links":{"self":[{"href":"https:\/\/ecuadorconsciente.org\/en\/wp-json\/wp\/v2\/product\/2390","targetHints":{"allow":["GET"]}}],"collection":[{"href":"https:\/\/ecuadorconsciente.org\/en\/wp-json\/wp\/v2\/product"}],"about":[{"href":"https:\/\/ecuadorconsciente.org\/en\/wp-json\/wp\/v2\/types\/product"}],"wp:attachment":[{"href":"https:\/\/ecuadorconsciente.org\/en\/wp-json\/wp\/v2\/media?parent=2390"}],"wp:term":[{"taxonomy":"product_brand","embeddable":true,"href":"https:\/\/ecuadorconsciente.org\/en\/wp-json\/wp\/v2\/product_brand?post=2390"},{"taxonomy":"product_cat","embeddable":true,"href":"https:\/\/ecuadorconsciente.org\/en\/wp-json\/wp\/v2\/product_cat?post=2390"},{"taxonomy":"product_tag","embeddable":true,"href":"https:\/\/ecuadorconsciente.org\/en\/wp-json\/wp\/v2\/product_tag?post=2390"}],"curies":[{"name":"wp","href":"https:\/\/api.w.org\/{rel}","templated":true}]}}