{"id":2659,"date":"2024-04-30T01:16:59","date_gmt":"2024-04-30T06:16:59","guid":{"rendered":"https:\/\/ecuadorconsciente-org-485647.hostingersite.com\/product\/borrador-automatico-7\/"},"modified":"2024-09-09T16:22:08","modified_gmt":"2024-09-09T21:22:08","slug":"automatic-draft-7","status":"publish","type":"product","link":"https:\/\/ecuadorconsciente.org\/en\/product\/automatic-draft-7\/","title":{"rendered":"Mikuna Wasi Rune. Amazonian restaurant"},"content":{"rendered":"<h2 style=\"text-align: center\"><strong>Bienvenidos a Runa Mikuna Wasi: donde encuentras los Sabores Amaz\u00f3nicos en su m\u00e1xima expresi\u00f3n<\/strong><\/h2>\n<p style=\"text-align: center\">Runa Mikuna Wasi es mucho m\u00e1s que un restaurante, es una ventana a la cultura y la tradici\u00f3n gastron\u00f3mica amaz\u00f3nica, ubicado en la Comuna Ancestral Kichwa de Sarayaku, en la provincia de Sucumb\u00edos, Ecuador.<\/p>\n<p style=\"text-align: center\">Desde hace m\u00e1s de una d\u00e9cada, las familias Mancilla Cuji y Dahua Gualinga han dedicado sus esfuerzos a compartir con el mundo la riqueza de su herencia culinaria, ofreciendo una experiencia gastron\u00f3mica aut\u00e9ntica y \u00fanica.<\/p>\n<p><img fetchpriority=\"high\" decoding=\"async\" src=\"https:\/\/ecuadorconsciente.org\/wp-content\/uploads\/2024\/04\/Maito-de-tilapia-delicia-gastronomica-amazonica-1024x768.jpeg\" alt=\"Tilapia maito, Amazonian gastronomic delight\" width=\"760\" height=\"570\" \/><br \/>\n<img decoding=\"async\" src=\"https:\/\/ecuadorconsciente.org\/wp-content\/uploads\/2024\/04\/Panoramica-aerea-del-Restaurante-Runa-Mikuna-Wasi-en-Sucumbios-1024x768.jpeg\" alt=\"Aerial panoramic of the Runa Mikuna Wasi Restaurant in Sucumb\u00edos\" width=\"760\" height=\"570\" \/><\/p>\n<p style=\"text-align: center\">Nuestro compromiso con la excelencia y la autenticidad se refleja en cada plato que servimos. Los ingredientes con los que preparamos nuestros platos son cuidadosamente seleccionados y proviene de fuentes locales y sostenibles, respetando as\u00ed tanto el medio ambiente como las tradiciones ancestrales de nuestra comunidad. Desde el primer bocado, te transportar\u00e1s a las exuberantes selvas amaz\u00f3nicas, donde los sabores son tan intensos como la vida misma.<\/p>\n<p style=\"text-align: center\">Ubicado en un enclave pintoresco, Runa Mikuna Wasi ofrece dos rutas de acceso para llegar a nuestro santuario gastron\u00f3mico. Puedes cruzar el antiguo puente del Aguarico, kil\u00f3metro 16, en la v\u00eda al Coca, o aventurarte a trav\u00e9s de la Y de la c\u00e1rcel, a tan solo 4 kil\u00f3metros de distancia.<\/p>\n<p><img decoding=\"async\" src=\"https:\/\/ecuadorconsciente.org\/wp-content\/uploads\/2024\/04\/Publico-deleitando-en-el-restaurante-amazonico-en-Sucumbios-1024x768.jpeg\" alt=\"Public delighting at the Amazonian restaurant in Sucumb\u00edos\" width=\"760\" height=\"570\" \/><\/p>\n<p style=\"text-align: center\">Nuestro horario de atenci\u00f3n refleja nuestro compromiso de servicio con la comunidad. Abrimos los siete d\u00edas de la semana de 7 a 17 horas para compartir con nuestros clientes y amigos nuestra pasi\u00f3n por\u00a0 nuestra cultura y cocina t\u00edpica amaz\u00f3nica.<\/p>\n<p style=\"text-align: center\">Nuestra cocina est\u00e1 llena de platos aut\u00e9nticos, desde deliciosas sopas hasta exquisitos platos principales, todo preparado con el amor y la dedicaci\u00f3n que solo se encuentra en los hogares tradicionales de la Amazon\u00eda. Tambi\u00e9n ofrecemos servicios de entrega a domicilio y reservas para grupos de empresas o amigos para que puedas disfrutar de nuestros sabores.<\/p>\n<p style=\"text-align: center\">En Runa Mikuna Wasi, no solo encontrar\u00e1s comida excepcional, sino tambi\u00e9n un ambiente acogedor y hospitalario, donde cada visita es una oportunidad para compartir risas, historias y momentos especiales con amigos y seres queridos.<\/p>\n<p style=\"text-align: center\">Nuestro equipo est\u00e1 dedicado a brindarte una experiencia que trasciende lo ordinario y te sumerge en la riqueza cultural de la Amazon\u00eda.<\/p>\n<p><img loading=\"lazy\" decoding=\"async\" src=\"https:\/\/ecuadorconsciente.org\/wp-content\/uploads\/2024\/04\/Chontacuros-listos-para-servirse-1024x682.jpeg\" alt=\"Chontacuros ready to serve\" width=\"760\" height=\"506\" \/><br \/>\n<img loading=\"lazy\" decoding=\"async\" src=\"https:\/\/ecuadorconsciente.org\/wp-content\/uploads\/2024\/04\/Platillo-tipico-amazonico-1024x682.jpeg\" alt=\"Typical Amazonian dish\" width=\"760\" height=\"506\" \/><\/p>\n<p style=\"text-align: center\">As\u00ed que la pr\u00f3xima vez que est\u00e9s buscando una experiencia culinaria aut\u00e9ntica y enriquecedora, no busques m\u00e1s all\u00e1 de Runa Mikuna Wasi. Te garantizamos una experiencia que estimular\u00e1 tus sentidos, nutrir\u00e1 tu alma y te dejar\u00e1 con recuerdos para toda la vida. \u00a1Te esperamos con los brazos abiertos y la mesa puesta!<\/p>\n<p><img loading=\"lazy\" decoding=\"async\" src=\"https:\/\/ecuadorconsciente.org\/wp-content\/uploads\/2024\/04\/Proceso-de-elaboracion-de-maitos-en-el-restaurante-de-comida-tipica-amazonica-Runa-Mikuna-Wasi-768x1024.jpeg\" alt=\"\" width=\"760\" height=\"1013\" \/><\/p>","protected":false},"excerpt":{"rendered":"<p>Bienvenidos a Runa Mikuna Wasi: donde encuentras los Sabores Amaz\u00f3nicos en su m\u00e1xima expresi\u00f3n Runa Mikuna Wasi es mucho m\u00e1s que un restaurante, es una ventana a la cultura y la tradici\u00f3n gastron\u00f3mica amaz\u00f3nica, ubicado en la Comuna Ancestral Kichwa de Sarayaku, en la provincia de Sucumb\u00edos, Ecuador. Desde hace m\u00e1s de una d\u00e9cada, las [&hellip;]<\/p>\n","protected":false},"featured_media":0,"template":"","meta":{"_seopress_robots_primary_cat":"","_seopress_titles_title":"%%title%% %%page%% . Sucumb\u00edos - Ecuador","_seopress_titles_desc":"Disfruta la tradici\u00f3n gastron\u00f3mica amaz\u00f3nica en el restaurante Runa Mikuna Wasi en la provincia de Sucumb\u00edos. Platos t\u00edpicos amaz\u00f3nicos","_seopress_robots_index":""},"product_brand":[],"product_cat":[133],"product_tag":[],"class_list":{"0":"post-2659","1":"product","2":"type-product","3":"status-publish","5":"product_cat-listeo-booking","7":"first","8":"instock","9":"downloadable","10":"virtual","11":"sold-individually","12":"purchasable","13":"product-type-listing_booking"},"_links":{"self":[{"href":"https:\/\/ecuadorconsciente.org\/en\/wp-json\/wp\/v2\/product\/2659","targetHints":{"allow":["GET"]}}],"collection":[{"href":"https:\/\/ecuadorconsciente.org\/en\/wp-json\/wp\/v2\/product"}],"about":[{"href":"https:\/\/ecuadorconsciente.org\/en\/wp-json\/wp\/v2\/types\/product"}],"wp:attachment":[{"href":"https:\/\/ecuadorconsciente.org\/en\/wp-json\/wp\/v2\/media?parent=2659"}],"wp:term":[{"taxonomy":"product_brand","embeddable":true,"href":"https:\/\/ecuadorconsciente.org\/en\/wp-json\/wp\/v2\/product_brand?post=2659"},{"taxonomy":"product_cat","embeddable":true,"href":"https:\/\/ecuadorconsciente.org\/en\/wp-json\/wp\/v2\/product_cat?post=2659"},{"taxonomy":"product_tag","embeddable":true,"href":"https:\/\/ecuadorconsciente.org\/en\/wp-json\/wp\/v2\/product_tag?post=2659"}],"curies":[{"name":"wp","href":"https:\/\/api.w.org\/{rel}","templated":true}]}}