{"id":3081,"date":"2021-01-31T09:11:16","date_gmt":"2021-01-31T14:11:16","guid":{"rendered":"https:\/\/ecuadorconsciente-org-485647.hostingersite.com\/?post_type=product&#038;p=3081"},"modified":"2025-01-24T22:36:06","modified_gmt":"2025-01-25T03:36:06","slug":"jabon-en-barra-de-geranio","status":"publish","type":"product","link":"https:\/\/ecuadorconsciente.org\/en\/product\/jabon-en-barra-de-geranio\/","title":{"rendered":"Geranium Bar Soap"},"content":{"rendered":"<p>[vc_row][vc_column width=\u00bb1\/6&#8243;][\/vc_column][vc_column width=\u00bb2\/3&#8243;][vc_tta_tabs][vc_tta_section title=\u00bbPropiedades de los ingredientes\u00bb tab_id=\u00bb1630292517376-1562bb17-3176&#8243;][vc_column_text]<strong>Geranio<\/strong><\/p>\n<p>* Potente antioxidante, promueve la regeneraci\u00f3n de la piel<\/p>\n<p>* Ayuda a limpiar la piel grasa<\/p>\n<p>* Ayuda a aclarar manchas, dejando la piel suave y tersa<\/p>\n<p>* Revitaliza las c\u00e9lulas de la piel<\/p>\n<p>*Anti inflamatorio, anti f\u00fangico, analg\u00e9sico<\/p>\n<p><strong><em>Usos en Aromaterapia:<\/em><\/strong><\/p>\n<p>Reduce la tensi\u00f3n nerviosa, ayuda a equilibrar las emociones, levanta el \u00e1nimo y promueve la paz, bienestar y esperanza<\/p>\n<p><strong>Glicerina vegetal<\/strong><\/p>\n<p>Profundamente hidratante[\/vc_column_text][\/vc_tta_section][vc_tta_section title=\u00bbUsos\u00bb tab_id=\u00bb1630292517389-3dd15a8a-da67&#8243;][vc_column_text]<strong>Para lavar la cara en la noche:<\/strong> moja el jab\u00f3n y fr\u00f3talo hasta sacar abundante espuma, masajea en c\u00edrculos sobre cara y cuello cubriendo toda la piel deseada, deja actuar durante 1 minuto y enjuaga bien con agua tibia o us\u00e1ndolo como jab\u00f3n para el cuerpo.<\/p>\n<p><strong>Tensi\u00f3n nerviosa:<\/strong> tomar un ba\u00f1o o ducha de agua caliente por la noche con el jab\u00f3n de geranio, adicionalmente puedes poner un difusor con aceite de geranio cerca.<\/p>\n<p><strong>Manchas en la piel:<\/strong> lava tu cara en la ma\u00f1ana y por la noche con el jab\u00f3n de geranio. D\u00e9jalo actuar durante 3 minutos.[\/vc_column_text][\/vc_tta_section][vc_tta_section title=\u00bbCuidado del producto\u00bb tab_id=\u00bb1630292704963-fde43218-240c\u00bb][vc_column_text]No necesitas usar mucha cantidad pues los ingredientes son concentrados. La barra durara m\u00e1s si la mantienes secas entre usos.[\/vc_column_text][\/vc_tta_section][\/vc_tta_tabs][\/vc_column][vc_column width=\u00bb1\/6&#8243;][\/vc_column][\/vc_row]<\/p>\n","protected":false},"excerpt":{"rendered":"<ul>\n<li>Este jab\u00f3n es un embellecedor de la piel, dej\u00e1ndola suave y tersa y su aroma ayuda al equilibrio mental y emocional.<\/li>\n<li>Ingredients: Vegetable glycerin, geranium essential oil, dragon&#039;s blood.<\/li>\n<li>Weights: 31g\/125g<\/li>\n<\/ul>","protected":false},"featured_media":3082,"template":"","meta":{"_seopress_robots_primary_cat":"","_seopress_titles_title":"","_seopress_titles_desc":"","_seopress_robots_index":""},"product_brand":[],"product_cat":[213],"product_tag":[],"class_list":{"0":"post-3081","1":"product","2":"type-product","3":"status-publish","4":"has-post-thumbnail","6":"product_cat-jabones-y-shampoo","8":"first","9":"instock","10":"shipping-taxable","11":"purchasable","12":"product-type-simple"},"_links":{"self":[{"href":"https:\/\/ecuadorconsciente.org\/en\/wp-json\/wp\/v2\/product\/3081","targetHints":{"allow":["GET"]}}],"collection":[{"href":"https:\/\/ecuadorconsciente.org\/en\/wp-json\/wp\/v2\/product"}],"about":[{"href":"https:\/\/ecuadorconsciente.org\/en\/wp-json\/wp\/v2\/types\/product"}],"wp:featuredmedia":[{"embeddable":true,"href":"https:\/\/ecuadorconsciente.org\/en\/wp-json\/wp\/v2\/media\/3082"}],"wp:attachment":[{"href":"https:\/\/ecuadorconsciente.org\/en\/wp-json\/wp\/v2\/media?parent=3081"}],"wp:term":[{"taxonomy":"product_brand","embeddable":true,"href":"https:\/\/ecuadorconsciente.org\/en\/wp-json\/wp\/v2\/product_brand?post=3081"},{"taxonomy":"product_cat","embeddable":true,"href":"https:\/\/ecuadorconsciente.org\/en\/wp-json\/wp\/v2\/product_cat?post=3081"},{"taxonomy":"product_tag","embeddable":true,"href":"https:\/\/ecuadorconsciente.org\/en\/wp-json\/wp\/v2\/product_tag?post=3081"}],"curies":[{"name":"wp","href":"https:\/\/api.w.org\/{rel}","templated":true}]}}