{"id":3117,"date":"2024-06-23T17:59:47","date_gmt":"2024-06-23T22:59:47","guid":{"rendered":"https:\/\/ecuadorconsciente-org-485647.hostingersite.com\/?post_type=product&#038;p=3117"},"modified":"2025-01-24T22:36:06","modified_gmt":"2025-01-25T03:36:06","slug":"comprar-desodorante-natural-mandala-verde-envios-ecuador","status":"publish","type":"product","link":"https:\/\/ecuadorconsciente.org\/en\/product\/comprar-desodorante-natural-mandala-verde-envios-ecuador\/","title":{"rendered":"\u201cGreen Mandala\u201d natural deodorant"},"content":{"rendered":"<p>fghfnfshfghsfhsfghsf<\/p>","protected":false},"excerpt":{"rendered":"<p>Natural medicinal deodorant that balances the skin&#039;s pH and naturally fights odor-causing bacteria.<\/p>\n<p>Permite la desintoxicaci\u00f3n de las gl\u00e1ndulas sudor\u00edparas de antitranspirantes comerciales.<\/p>\n<p>Helps to lighten the armpits and eliminate pimples caused by excess toxins.<\/p>\n<p>Presentaci\u00f3n: 100 ml.<\/p>","protected":false},"featured_media":3061,"template":"","meta":{"_seopress_robots_primary_cat":"none","_seopress_titles_title":"Desodorantante natural \"Mandala Verde\". Env\u00edos a todo Ecuador","_seopress_titles_desc":"Ahora puede comprar el reconocido desodorante natural \"Mandala Verde\" y recibirlo en cualquier parte de Ecuador. Benef\u00edciese de sus ingredientes naturales.","_seopress_robots_index":""},"product_brand":[],"product_cat":[211],"product_tag":[],"class_list":{"0":"post-3117","1":"product","2":"type-product","3":"status-publish","4":"has-post-thumbnail","6":"product_cat-repelentes-bloqueadores-y-desodorantes","8":"first","9":"instock","10":"shipping-taxable","11":"purchasable","12":"product-type-simple"},"_links":{"self":[{"href":"https:\/\/ecuadorconsciente.org\/en\/wp-json\/wp\/v2\/product\/3117","targetHints":{"allow":["GET"]}}],"collection":[{"href":"https:\/\/ecuadorconsciente.org\/en\/wp-json\/wp\/v2\/product"}],"about":[{"href":"https:\/\/ecuadorconsciente.org\/en\/wp-json\/wp\/v2\/types\/product"}],"wp:featuredmedia":[{"embeddable":true,"href":"https:\/\/ecuadorconsciente.org\/en\/wp-json\/wp\/v2\/media\/3061"}],"wp:attachment":[{"href":"https:\/\/ecuadorconsciente.org\/en\/wp-json\/wp\/v2\/media?parent=3117"}],"wp:term":[{"taxonomy":"product_brand","embeddable":true,"href":"https:\/\/ecuadorconsciente.org\/en\/wp-json\/wp\/v2\/product_brand?post=3117"},{"taxonomy":"product_cat","embeddable":true,"href":"https:\/\/ecuadorconsciente.org\/en\/wp-json\/wp\/v2\/product_cat?post=3117"},{"taxonomy":"product_tag","embeddable":true,"href":"https:\/\/ecuadorconsciente.org\/en\/wp-json\/wp\/v2\/product_tag?post=3117"}],"curies":[{"name":"wp","href":"https:\/\/api.w.org\/{rel}","templated":true}]}}