{"id":4405,"date":"2025-05-11T16:40:13","date_gmt":"2025-05-11T21:40:13","guid":{"rendered":"https:\/\/ecuadorconsciente-org-485647.hostingersite.com\/product\/borrador-automatico-18\/"},"modified":"2025-05-13T09:19:06","modified_gmt":"2025-05-13T14:19:06","slug":"automatic-draft-18","status":"publish","type":"product","link":"https:\/\/ecuadorconsciente.org\/en\/product\/automatic-draft-18\/","title":{"rendered":"MAL DE OJO FILMS \u2013 Productora Audiovisual en Loja y Vilcabamba"},"content":{"rendered":"<p style=\"text-align: center;\"><strong>Cine | Documental | Publicidad | Fotograf\u00eda Profesional<\/strong><\/p>\n<p style=\"text-align: center;\"><strong data-start=\"329\" data-end=\"349\">Evil Eye Films<\/strong> is an independent audiovisual production company based in <strong data-start=\"406\" data-end=\"427\">Loja and Vilcabamba<\/strong>, specialized in <strong data-start=\"446\" data-end=\"482\">narrativa visual cinematogr\u00e1fica<\/strong>, publicidad creativa y documentales que capturan la esencia aut\u00e9ntica de cada historia. Nuestro estilo es <strong data-start=\"589\" data-end=\"620\">potente, honesto y est\u00e9tico<\/strong>, con un enfoque profesional en cada detalle: desde la preproducci\u00f3n hasta la postproducci\u00f3n.<\/p>\n<h3 data-start=\"270\" data-end=\"322\">Professional Services of MAL DE OJO FILMS<\/h3>\n<p data-start=\"323\" data-end=\"383\"><strong data-start=\"323\" data-end=\"383\">Producci\u00f3n audiovisual con base en Vilcabamba, Loja, y en cualquier locaci\u00f3n a nivel de Ecuador o internacionalmente.<\/strong><\/p>\n<p data-start=\"385\" data-end=\"802\">At Mal de Ojo Films we offer a wide range of professional services in the audiovisual field, combining <strong data-start=\"494\" data-end=\"522\">est\u00e9tica cinematogr\u00e1fica<\/strong>, powerful visual narrative and a human and professional approach.<\/p>\n<p data-start=\"385\" data-end=\"802\"><strong data-start=\"584\" data-end=\"637\">We work both locally and internationally<\/strong>, adapt\u00e1ndonos a cualquier locaci\u00f3n en Ecuador o el mundo, llevando nuestro equipo t\u00e9cnico, sensibilidad art\u00edstica y pasi\u00f3n por contar historias donde sea necesario.<\/p>\n<h4 data-start=\"804\" data-end=\"860\">Producci\u00f3n Audiovisual en Vilcabamba y Ecuador<\/h4>\n<p data-start=\"861\" data-end=\"1064\">We offer a comprehensive service of <strong data-start=\"895\" data-end=\"935\">producci\u00f3n audiovisual en Vilcabamba<\/strong>, Loja and all of Ecuador, ideal for brands, organizations, artists, and personal projects seeking quality and authenticity.<\/p>\n<ul data-start=\"1065\" data-end=\"1189\">\n<li data-start=\"1065\" data-end=\"1097\">\n<p data-start=\"1067\" data-end=\"1097\">Direcci\u00f3n general y creativa<\/p>\n<\/li>\n<li data-start=\"1098\" data-end=\"1133\">\n<p data-start=\"1100\" data-end=\"1133\">Producci\u00f3n ejecutiva y de campo<\/p>\n<\/li>\n<li data-start=\"1134\" data-end=\"1189\">\n<p data-start=\"1136\" data-end=\"1189\">Storytelling visual adaptado a cada p\u00fablico y formato<\/p>\n<\/li>\n<\/ul>\n<h4 data-start=\"1191\" data-end=\"1243\">Producci\u00f3n de Cine y Documental en Ecuador<\/h4>\n<p data-start=\"1244\" data-end=\"1468\">We are a production company passionate about <strong data-start=\"1283\" data-end=\"1305\">independent cinema<\/strong> and the <strong data-start=\"1312\" data-end=\"1360\">social, cultural and brand documentaries<\/strong>. Nos involucramos desde el desarrollo hasta la postproducci\u00f3n, creando piezas que conectan y trascienden.<\/p>\n<ul data-start=\"1469\" data-end=\"1592\">\n<li data-start=\"1469\" data-end=\"1521\">\n<p data-start=\"1471\" data-end=\"1521\">Proyectos cinematogr\u00e1ficos con narrativa autoral<\/p>\n<\/li>\n<li data-start=\"1522\" data-end=\"1592\">\n<p data-start=\"1524\" data-end=\"1592\">Documentaries on identity, territory, culture and sustainability<\/p>\n<\/li>\n<\/ul>\n<h4 data-start=\"1594\" data-end=\"1645\">Commercials and Advertising in Ecuador<\/h4>\n<p data-start=\"1646\" data-end=\"1893\">We create <strong data-start=\"1654\" data-end=\"1709\">Advertising videos and commercials in Ecuador<\/strong> que comunican con impacto, est\u00e9tica y coherencia. Desde campa\u00f1as institucionales hasta contenido para redes sociales, nos aseguramos de que cada producci\u00f3n conecte con tu audiencia.<\/p>\n<ul data-start=\"1894\" data-end=\"2022\">\n<li data-start=\"1894\" data-end=\"1953\">\n<p data-start=\"1896\" data-end=\"1953\">Promotional videos for products, services or causes<\/p>\n<\/li>\n<li data-start=\"1954\" data-end=\"2022\">\n<p data-start=\"1956\" data-end=\"2022\">Formatos para redes sociales, televisi\u00f3n y plataformas digitales<\/p>\n<\/li>\n<\/ul>\n<h4 data-start=\"2024\" data-end=\"2056\">Fotograf\u00eda Profesional<\/h4>\n<p data-start=\"2057\" data-end=\"2195\">La imagen fija tambi\u00e9n cuenta historias. Ofrecemos <strong data-start=\"2108\" data-end=\"2134\">fotograf\u00eda profesional<\/strong> for brands, companies, artists and audiovisual projects.<\/p>\n<ul data-start=\"2196\" data-end=\"2287\">\n<li data-start=\"2196\" data-end=\"2236\">\n<p data-start=\"2198\" data-end=\"2236\">Fotograf\u00eda corporativa y de producto<\/p>\n<\/li>\n<li data-start=\"2237\" data-end=\"2287\">\n<p data-start=\"2239\" data-end=\"2287\">Fotograf\u00eda fija para cine, publicidad y prensa<\/p>\n<\/li>\n<\/ul>\n<h4 data-start=\"2289\" data-end=\"2336\">Direcci\u00f3n de Fotograf\u00eda y Videograf\u00eda<\/h4>\n<p data-start=\"2337\" data-end=\"2490\">We have a team specialized in <strong data-start=\"2377\" data-end=\"2420\">direcci\u00f3n de fotograf\u00eda cinematogr\u00e1fica<\/strong>, utilizando tecnolog\u00eda de alto nivel y una visi\u00f3n est\u00e9tica afinada.<\/p>\n<ul data-start=\"2491\" data-end=\"2604\">\n<li data-start=\"2491\" data-end=\"2532\">\n<p data-start=\"2493\" data-end=\"2532\">Videograf\u00eda con estilo visual cuidado<\/p>\n<\/li>\n<li data-start=\"2533\" data-end=\"2604\">\n<p data-start=\"2535\" data-end=\"2604\">Narrativa visual para proyectos de ficci\u00f3n, documental y publicidad<\/p>\n<\/li>\n<\/ul>\n<h4 data-start=\"2606\" data-end=\"2640\">Edici\u00f3n y Postproducci\u00f3n<\/h4>\n<p data-start=\"2641\" data-end=\"2777\">We bring your projects to life with a <strong data-start=\"2676\" data-end=\"2715\">postproducci\u00f3n profesional y pulida<\/strong>, cuidando tanto el ritmo narrativo como la est\u00e9tica visual.<\/p>\n<ul data-start=\"2778\" data-end=\"2862\">\n<li data-start=\"2778\" data-end=\"2810\">\n<p data-start=\"2780\" data-end=\"2810\">Professional video editing<\/p>\n<\/li>\n<li data-start=\"2811\" data-end=\"2862\">\n<p data-start=\"2813\" data-end=\"2862\">Correcci\u00f3n de color y gradaci\u00f3n cinematogr\u00e1fica<\/p>\n<\/li>\n<\/ul>\n<h4 data-start=\"2864\" data-end=\"2926\">Videograf\u00eda de Eventos en Loja, Vilcabamba y Ecuador<\/h4>\n<p data-start=\"2927\" data-end=\"3084\">We offer <strong data-start=\"2937\" data-end=\"2963\">videograf\u00eda de eventos<\/strong> con una mirada art\u00edstica y documental, ideal para quienes desean conservar momentos importantes con calidad y emoci\u00f3n.<\/p>\n<ul data-start=\"3085\" data-end=\"3218\">\n<li data-start=\"3085\" data-end=\"3133\">\n<p data-start=\"3087\" data-end=\"3133\">Weddings, ceremonies and special celebrations<\/p>\n<\/li>\n<li data-start=\"3134\" data-end=\"3182\">\n<p data-start=\"3136\" data-end=\"3182\">Cultural festivals and community events<\/p>\n<\/li>\n<li data-start=\"3183\" data-end=\"3218\">\n<p data-start=\"3185\" data-end=\"3218\">Corporate and social events<\/p>\n<\/li>\n<\/ul>\n<hr data-start=\"3220\" data-end=\"3223\" \/>\n<p data-start=\"3225\" data-end=\"3446\"><strong data-start=\"3228\" data-end=\"3446\">Nos apasiona contar historias que importan, desde las monta\u00f1as de Vilcabamba hasta cualquier rinc\u00f3n del planeta. Si tu historia merece ser contada con autenticidad, est\u00e9tica y coraz\u00f3n, estamos listos para filmarla.<\/strong><\/p>","protected":false},"excerpt":{"rendered":"<p>Cine | Documental | Publicidad | Fotograf\u00eda Profesional Mal de Ojo Films es una productora audiovisual independiente con base en Loja y Vilcabamba, especializada en narrativa visual cinematogr\u00e1fica, publicidad creativa y documentales que capturan la esencia aut\u00e9ntica de cada historia. Nuestro estilo es potente, honesto y est\u00e9tico, con un enfoque profesional en cada detalle: desde [&hellip;]<\/p>\n","protected":false},"featured_media":0,"template":"","meta":{"_seopress_robots_primary_cat":"","_seopress_titles_title":"MAL DE OJO FILMS \u2013 Productora Audiovisual Vilcabamba, Loja - Ecuador","_seopress_titles_desc":"Cine | Documental | Publicidad | Fotograf\u00eda profesional Productora audiovisual independiente con base en Loja y Vilcabamba - Ecuador","_seopress_robots_index":""},"product_brand":[],"product_cat":[133],"product_tag":[],"class_list":{"0":"post-4405","1":"product","2":"type-product","3":"status-publish","5":"product_cat-listeo-booking","7":"first","8":"instock","9":"virtual","10":"sold-individually","11":"purchasable","12":"product-type-listing_booking"},"_links":{"self":[{"href":"https:\/\/ecuadorconsciente.org\/en\/wp-json\/wp\/v2\/product\/4405","targetHints":{"allow":["GET"]}}],"collection":[{"href":"https:\/\/ecuadorconsciente.org\/en\/wp-json\/wp\/v2\/product"}],"about":[{"href":"https:\/\/ecuadorconsciente.org\/en\/wp-json\/wp\/v2\/types\/product"}],"wp:attachment":[{"href":"https:\/\/ecuadorconsciente.org\/en\/wp-json\/wp\/v2\/media?parent=4405"}],"wp:term":[{"taxonomy":"product_brand","embeddable":true,"href":"https:\/\/ecuadorconsciente.org\/en\/wp-json\/wp\/v2\/product_brand?post=4405"},{"taxonomy":"product_cat","embeddable":true,"href":"https:\/\/ecuadorconsciente.org\/en\/wp-json\/wp\/v2\/product_cat?post=4405"},{"taxonomy":"product_tag","embeddable":true,"href":"https:\/\/ecuadorconsciente.org\/en\/wp-json\/wp\/v2\/product_tag?post=4405"}],"curies":[{"name":"wp","href":"https:\/\/api.w.org\/{rel}","templated":true}]}}